{"id":10308,"date":"2026-04-22T17:48:47","date_gmt":"2026-04-22T20:48:47","guid":{"rendered":"https:\/\/www.fernandoquadro.com.br\/html\/?page_id=10308"},"modified":"2026-04-22T18:25:29","modified_gmt":"2026-04-22T21:25:29","slug":"open-source-gis","status":"publish","type":"page","link":"https:\/\/www.fernandoquadro.com.br\/html\/open-source-gis\/","title":{"rendered":"Open Source GIS"},"content":{"rendered":"<p>Escolha qual a se\u00e7\u00e3o voc\u00ea deseja acessar, clicando nas op\u00e7\u00f5es abaixo:<\/p>\n<p><a href=\"https:\/\/www.fernandoquadro.com.br\/html\/open-source-gis\/geonode\/\" target=\"_blank\"><img loading=\"lazy\" decoding=\"async\" src=\"https:\/\/www.fernandoquadro.com.br\/html\/wp-content\/uploads\/2026\/04\/01-banner-geonode.png\" alt=\"\" width=\"1536\" height=\"239\" class=\"aligncenter size-full wp-image-10312\" srcset=\"https:\/\/www.fernandoquadro.com.br\/html\/wp-content\/uploads\/2026\/04\/01-banner-geonode.png 1536w, https:\/\/www.fernandoquadro.com.br\/html\/wp-content\/uploads\/2026\/04\/01-banner-geonode-300x47.png 300w, https:\/\/www.fernandoquadro.com.br\/html\/wp-content\/uploads\/2026\/04\/01-banner-geonode-1024x159.png 1024w, https:\/\/www.fernandoquadro.com.br\/html\/wp-content\/uploads\/2026\/04\/01-banner-geonode-768x120.png 768w, https:\/\/www.fernandoquadro.com.br\/html\/wp-content\/uploads\/2026\/04\/01-banner-geonode-600x93.png 600w, https:\/\/www.fernandoquadro.com.br\/html\/wp-content\/uploads\/2026\/04\/01-banner-geonode-945x147.png 945w\" sizes=\"auto, (max-width: 1536px) 100vw, 1536px\" \/><\/a><\/p>\n<p><a href=\"https:\/\/www.fernandoquadro.com.br\/html\/open-source-gis\/geoserver\/\" target=\"_blank\"><img loading=\"lazy\" decoding=\"async\" src=\"https:\/\/www.fernandoquadro.com.br\/html\/wp-content\/uploads\/2026\/04\/02-banner-geoserver.png\" alt=\"\" width=\"1536\" height=\"214\" class=\"aligncenter size-full wp-image-10313\" srcset=\"https:\/\/www.fernandoquadro.com.br\/html\/wp-content\/uploads\/2026\/04\/02-banner-geoserver.png 1536w, https:\/\/www.fernandoquadro.com.br\/html\/wp-content\/uploads\/2026\/04\/02-banner-geoserver-300x42.png 300w, https:\/\/www.fernandoquadro.com.br\/html\/wp-content\/uploads\/2026\/04\/02-banner-geoserver-1024x143.png 1024w, https:\/\/www.fernandoquadro.com.br\/html\/wp-content\/uploads\/2026\/04\/02-banner-geoserver-768x107.png 768w, https:\/\/www.fernandoquadro.com.br\/html\/wp-content\/uploads\/2026\/04\/02-banner-geoserver-600x84.png 600w, https:\/\/www.fernandoquadro.com.br\/html\/wp-content\/uploads\/2026\/04\/02-banner-geoserver-945x132.png 945w\" sizes=\"auto, (max-width: 1536px) 100vw, 1536px\" \/><\/a><\/p>\n<p><a href=\"https:\/\/www.fernandoquadro.com.br\/html\/open-source-gis\/postgis\/\" target=\"_blank\"><img loading=\"lazy\" decoding=\"async\" src=\"https:\/\/www.fernandoquadro.com.br\/html\/wp-content\/uploads\/2026\/04\/03-banner-postgis.png\" alt=\"\" width=\"1536\" height=\"192\" class=\"aligncenter size-full wp-image-10314\" srcset=\"https:\/\/www.fernandoquadro.com.br\/html\/wp-content\/uploads\/2026\/04\/03-banner-postgis.png 1536w, https:\/\/www.fernandoquadro.com.br\/html\/wp-content\/uploads\/2026\/04\/03-banner-postgis-300x38.png 300w, https:\/\/www.fernandoquadro.com.br\/html\/wp-content\/uploads\/2026\/04\/03-banner-postgis-1024x128.png 1024w, https:\/\/www.fernandoquadro.com.br\/html\/wp-content\/uploads\/2026\/04\/03-banner-postgis-768x96.png 768w, https:\/\/www.fernandoquadro.com.br\/html\/wp-content\/uploads\/2026\/04\/03-banner-postgis-600x75.png 600w, https:\/\/www.fernandoquadro.com.br\/html\/wp-content\/uploads\/2026\/04\/03-banner-postgis-945x118.png 945w\" sizes=\"auto, (max-width: 1536px) 100vw, 1536px\" \/><\/a><\/p>\n<p><a href=\"https:\/\/www.fernandoquadro.com.br\/html\/open-source-gis\/openlayers\/\" target=\"_blank\"><img loading=\"lazy\" decoding=\"async\" src=\"https:\/\/www.fernandoquadro.com.br\/html\/wp-content\/uploads\/2026\/04\/04-banner-openlayers.png\" alt=\"\" width=\"1536\" height=\"181\" class=\"aligncenter size-full wp-image-10315\" srcset=\"https:\/\/www.fernandoquadro.com.br\/html\/wp-content\/uploads\/2026\/04\/04-banner-openlayers.png 1536w, https:\/\/www.fernandoquadro.com.br\/html\/wp-content\/uploads\/2026\/04\/04-banner-openlayers-300x35.png 300w, https:\/\/www.fernandoquadro.com.br\/html\/wp-content\/uploads\/2026\/04\/04-banner-openlayers-1024x121.png 1024w, https:\/\/www.fernandoquadro.com.br\/html\/wp-content\/uploads\/2026\/04\/04-banner-openlayers-768x91.png 768w, https:\/\/www.fernandoquadro.com.br\/html\/wp-content\/uploads\/2026\/04\/04-banner-openlayers-600x71.png 600w, https:\/\/www.fernandoquadro.com.br\/html\/wp-content\/uploads\/2026\/04\/04-banner-openlayers-945x111.png 945w\" sizes=\"auto, (max-width: 1536px) 100vw, 1536px\" \/><\/a><\/p>\n<p><a href=\"https:\/\/www.fernandoquadro.com.br\/html\/open-source-gis\/leaflet\/\" target=\"_blank\"><img loading=\"lazy\" decoding=\"async\" src=\"https:\/\/www.fernandoquadro.com.br\/html\/wp-content\/uploads\/2026\/04\/05-banner-leaflet.png\" alt=\"\" width=\"1536\" height=\"193\" class=\"aligncenter size-full wp-image-10311\" srcset=\"https:\/\/www.fernandoquadro.com.br\/html\/wp-content\/uploads\/2026\/04\/05-banner-leaflet.png 1536w, https:\/\/www.fernandoquadro.com.br\/html\/wp-content\/uploads\/2026\/04\/05-banner-leaflet-300x38.png 300w, https:\/\/www.fernandoquadro.com.br\/html\/wp-content\/uploads\/2026\/04\/05-banner-leaflet-1024x129.png 1024w, https:\/\/www.fernandoquadro.com.br\/html\/wp-content\/uploads\/2026\/04\/05-banner-leaflet-768x97.png 768w, https:\/\/www.fernandoquadro.com.br\/html\/wp-content\/uploads\/2026\/04\/05-banner-leaflet-600x75.png 600w, https:\/\/www.fernandoquadro.com.br\/html\/wp-content\/uploads\/2026\/04\/05-banner-leaflet-945x119.png 945w\" sizes=\"auto, (max-width: 1536px) 100vw, 1536px\" \/><\/a><\/p>\n","protected":false},"excerpt":{"rendered":"<p>Escolha qual a se\u00e7\u00e3o voc\u00ea deseja acessar, clicando nas op\u00e7\u00f5es abaixo:<\/p>\n","protected":false},"author":275,"featured_media":10322,"parent":0,"menu_order":1,"comment_status":"closed","ping_status":"closed","template":"","meta":{"footnotes":""},"class_list":["post-10308","page","type-page","status-publish","has-post-thumbnail","hentry"],"_links":{"self":[{"href":"https:\/\/www.fernandoquadro.com.br\/html\/wp-json\/wp\/v2\/pages\/10308","targetHints":{"allow":["GET"]}}],"collection":[{"href":"https:\/\/www.fernandoquadro.com.br\/html\/wp-json\/wp\/v2\/pages"}],"about":[{"href":"https:\/\/www.fernandoquadro.com.br\/html\/wp-json\/wp\/v2\/types\/page"}],"author":[{"embeddable":true,"href":"https:\/\/www.fernandoquadro.com.br\/html\/wp-json\/wp\/v2\/users\/275"}],"replies":[{"embeddable":true,"href":"https:\/\/www.fernandoquadro.com.br\/html\/wp-json\/wp\/v2\/comments?post=10308"}],"version-history":[{"count":6,"href":"https:\/\/www.fernandoquadro.com.br\/html\/wp-json\/wp\/v2\/pages\/10308\/revisions"}],"predecessor-version":[{"id":10320,"href":"https:\/\/www.fernandoquadro.com.br\/html\/wp-json\/wp\/v2\/pages\/10308\/revisions\/10320"}],"wp:featuredmedia":[{"embeddable":true,"href":"https:\/\/www.fernandoquadro.com.br\/html\/wp-json\/wp\/v2\/media\/10322"}],"wp:attachment":[{"href":"https:\/\/www.fernandoquadro.com.br\/html\/wp-json\/wp\/v2\/media?parent=10308"}],"curies":[{"name":"wp","href":"https:\/\/api.w.org\/{rel}","templated":true}]}}