{"id":2,"date":"2007-04-12T23:44:02","date_gmt":"2007-04-13T02:44:02","guid":{"rendered":""},"modified":"2026-04-22T18:30:54","modified_gmt":"2026-04-22T21:30:54","slug":"about","status":"publish","type":"page","link":"https:\/\/www.fernandoquadro.com.br\/html\/about\/","title":{"rendered":"Sobre o Autor"},"content":{"rendered":"<p><!--img src=\"http:\/\/www.fernandoquadro.com.br\/html\/wp-content\/uploads\/2007\/04\/25a1f17.jpg\" alt=\"\" title=\"Fernando Quadro\" width=\"200\" height=\"200\" class=\"alignnone size-medium wp-image-1300\" style=\"border: 0px solid rgb(0, 0, 0);float: right; margin-left: 10px; margin-bottom: 5px;\" \/--><\/p>\n<p><strong>Fernando Quadro<\/strong> \u00e9 Analista de Sistemas e Consultor em Geotecnologias Livres, formado em Ci\u00eancia da Computa\u00e7\u00e3o e p\u00f3s-graduado (MBA) em Gerenciamento de Projetos pela <a href=\"http:\/\/www.univali.br\" target=\"_blank\" rel=\"noopener noreferrer\">Universidade do Vale do Itaja\u00ed (UNIVALI)<\/a>.<\/p>\n<p>Autor deste blog, uma refer\u00eancia em <strong>GeoServer na Am\u00e9rica Latina<\/strong>, compartilha desde 2007 conte\u00fados t\u00e9cnicos, tutoriais e experi\u00eancias pr\u00e1ticas sobre <em>geotecnologias livres<\/em> e <em>infraestrutura de dados espaciais<\/em>. O espa\u00e7o \u00e9 voltado a profissionais e entusiastas que buscam aprender, implementar e otimizar solu\u00e7\u00f5es geoespaciais open source.<\/p>\n<p>Atuou no Laborat\u00f3rio de Computa\u00e7\u00e3o Aplicada (G10) como <em>Java Tech Leader<\/em>, participando de projetos de alcance nacional, como o <strong>Sistema de Informa\u00e7\u00e3o do Projeto TAMAR (SITAMAR)<\/strong>, vencedor do Pr\u00eamio FINEP de Inova\u00e7\u00e3o.<\/p>\n<p>Em 2007, integrou a organiza\u00e7\u00e3o do <strong>III ENUM<\/strong> (Encontro Nacional de Usu\u00e1rios MapServer) em Bras\u00edlia-DF, onde ministrou o <a href=\"http:\/\/www.fernandoquadro.com.br\/html\/2007\/05\/16\/geoserver-no-brasil\/\" target=\"_blank\" rel=\"noopener noreferrer\">primeiro Workshop de GeoServer no Brasil<\/a>.<\/p>\n<p>Ativo na comunidade <em>Open Source<\/em>, \u00e9 fundador e moderador da lista de discuss\u00e3o em portugu\u00eas e do grupo de WhatsApp <a href=\"https:\/\/geoserver.com.br\/whatsapp\">GeoServer-BR<\/a>. Tamb\u00e9m foi idealizador e editor-chefe da <a href=\"http:\/\/www.fossgisbrasil.com.br\">Revista FOSSGIS Brasil<\/a>, citada como <a href=\"http:\/\/www.fernandoquadro.com.br\/html\/2019\/04\/22\/revista-fossgis-brasil-no-evento-foss4g-north-america\/\" rel=\"noopener noreferrer\" target=\"_blank\">refer\u00eancia no FOSS4G North America 2019<\/a>.<\/p>\n<p>Em 2012, fundou a <a href=\"http:\/\/www.geocursos.com.br\" target=\"_blank\" rel=\"noopener noreferrer\">GEOCURSOS<\/a>, empresa dedicada \u00e0 forma\u00e7\u00e3o de profissionais em Geotecnologias Livres por meio da educa\u00e7\u00e3o a dist\u00e2ncia.<\/p>\n<p>Em 2018, foi nomeado <a href=\"https:\/\/www.osgeo.org\/member\/fernando\/\" rel=\"noopener noreferrer\" target=\"_blank\">Charter Member<\/a> da <a href=\"https:\/\/www.osgeo.org\/\" rel=\"noopener noreferrer\" target=\"_blank\">Open Source Geospatial Foundation (OSGeo)<\/a>, integrando o Comit\u00ea de Marketing e sendo respons\u00e1vel pelos canais da funda\u00e7\u00e3o no <a href=\"https:\/\/www.linkedin.com\/company\/osgeo\/\" rel=\"noopener noreferrer\" target=\"_blank\">LinkedIn<\/a> e no <a href=\"https:\/\/twitter.com\/planetosgeo\" rel=\"noopener noreferrer\" target=\"_blank\">Twitter do PlanetOSGeo<\/a>.<\/p>\n<p>Em 2019, foi convidado a lecionar as disciplinas de <em>Banco de Dados Espaciais<\/em> e <em>Publica\u00e7\u00e3o de Dados Espaciais na Internet<\/em> no <a href=\"http:\/\/www.fernandoquadro.com.br\/html\/2017\/07\/17\/mba-geociencias-e-geotecnologias\/\" rel=\"noopener noreferrer\" target=\"_blank\">MBA de Geoci\u00eancia e Geotecnologias do IPOG<\/a>.<\/p>\n<p>Possui experi\u00eancia em desenvolvimento de software (Java, PHP), bancos de dados relacionais (PostgreSQL, MySQL, Oracle, SQL Server) e espaciais (PostGIS, Oracle Spatial, SQL Server). Atua em an\u00e1lise de sistemas, planejamento de TI (<em>PDI \u2013 Plano Diretor de Inform\u00e1tica<\/em>), e ministra cursos, palestras e consultorias t\u00e9cnicas sobre <strong>PostgreSQL\/PostGIS, GeoServer e GeoNode<\/strong>.<\/p>\n<p>Passou por empresas como <a href=\"http:\/\/www.softplan.com.br\" rel=\"noopener noreferrer\" target=\"_blank\">Softplan<\/a> e <a href=\"http:\/\/www.neoway.com.br\" rel=\"noopener noreferrer\" target=\"_blank\">Neoway<\/a>. Atualmente \u00e9 Diretor e Consultor em projetos de intelig\u00eancia geogr\u00e1fica na <a href=\"https:\/\/www.geocursos.com.br\" rel=\"noopener\" target=\"_blank\">GEOCURSOS<\/a>.<\/p>\n<p><center><\/p>\n<table width=\"902\" border=\"0\">\n<tbody>\n<tr>\n<td><a href=\"https:\/\/www.linkedin.com\/in\/fernandoquadro\/\" target=\"_blank\" rel=\"noopener noreferrer\"><img loading=\"lazy\" decoding=\"async\" src=\"http:\/\/www.fernandoquadro.com.br\/html\/wp-content\/uploads\/2008\/08\/linkedin.gif\" alt=\"LinkedIn\" title=\"LinkedIn\" width=\"120\" height=\"33\" class=\"alignnone size-full wp-image-1610\" border=\"0\"><\/a><\/td>\n<\/tr>\n<\/tbody>\n<\/table>\n<p><\/center><\/p>\n<p><!--post2pdf_exclude--><\/p>\n","protected":false},"excerpt":{"rendered":"<p>Fernando Quadro \u00e9 Analista de Sistemas e Consultor em Geotecnologias Livres, formado em Ci\u00eancia da Computa\u00e7\u00e3o e p\u00f3s-graduado (MBA) em Gerenciamento de Projetos pela Universidade do Vale do Itaja\u00ed (UNIVALI). Autor deste blog, uma refer\u00eancia em GeoServer na Am\u00e9rica Latina,&#8230; <a class=\"more-link\" href=\"https:\/\/www.fernandoquadro.com.br\/html\/about\/\">Continue Reading &rarr;<\/a><\/p>\n","protected":false},"author":275,"featured_media":5348,"parent":0,"menu_order":0,"comment_status":"open","ping_status":"closed","template":"","meta":{"footnotes":""},"class_list":["post-2","page","type-page","status-publish","has-post-thumbnail","hentry"],"_links":{"self":[{"href":"https:\/\/www.fernandoquadro.com.br\/html\/wp-json\/wp\/v2\/pages\/2","targetHints":{"allow":["GET"]}}],"collection":[{"href":"https:\/\/www.fernandoquadro.com.br\/html\/wp-json\/wp\/v2\/pages"}],"about":[{"href":"https:\/\/www.fernandoquadro.com.br\/html\/wp-json\/wp\/v2\/types\/page"}],"author":[{"embeddable":true,"href":"https:\/\/www.fernandoquadro.com.br\/html\/wp-json\/wp\/v2\/users\/275"}],"replies":[{"embeddable":true,"href":"https:\/\/www.fernandoquadro.com.br\/html\/wp-json\/wp\/v2\/comments?post=2"}],"version-history":[{"count":65,"href":"https:\/\/www.fernandoquadro.com.br\/html\/wp-json\/wp\/v2\/pages\/2\/revisions"}],"predecessor-version":[{"id":10323,"href":"https:\/\/www.fernandoquadro.com.br\/html\/wp-json\/wp\/v2\/pages\/2\/revisions\/10323"}],"wp:featuredmedia":[{"embeddable":true,"href":"https:\/\/www.fernandoquadro.com.br\/html\/wp-json\/wp\/v2\/media\/5348"}],"wp:attachment":[{"href":"https:\/\/www.fernandoquadro.com.br\/html\/wp-json\/wp\/v2\/media?parent=2"}],"curies":[{"name":"wp","href":"https:\/\/api.w.org\/{rel}","templated":true}]}}