{"id":2875,"date":"2009-09-16T00:10:42","date_gmt":"2009-09-16T03:10:42","guid":{"rendered":"http:\/\/www.fernandoquadro.com.br\/html\/?page_id=2875"},"modified":"2026-02-27T17:16:07","modified_gmt":"2026-02-27T20:16:07","slug":"publicacoes","status":"publish","type":"page","link":"https:\/\/www.fernandoquadro.com.br\/html\/publicacoes\/","title":{"rendered":"Publica\u00e7\u00f5es"},"content":{"rendered":"<p>Este espa\u00e7o \u00e9 destinado para divulgar um pouco das minhas apresenta\u00e7\u00f5es, palestras e artigos publicados.<\/p>\n<p><u><strong>Artigos<\/strong><\/u><br \/>\n<img loading=\"lazy\" decoding=\"async\" src=\"http:\/\/www.fernandoquadro.com.br\/html\/wp-content\/uploads\/2009\/09\/1251944455_bt.png\" alt=\"1251944455_bt\" title=\"1251944455_bt\" width=\"128\" height=\"128\" class=\"alignnone size-full wp-image-2871\" style=\"border: 0px solid rgb(0, 0, 0); float: right; margin-left: 5px; margin-bottom: 5px;\" \/><\/p>\n<ul>\n<li>\n<a href=\"https:\/\/www.linkedin.com\/pulse\/beware-generic-open-source-software-fernando-quadro\"><strong><em>Beware of generic open source software<\/em><\/strong><\/a><br \/>\nLinkedIn Pulse &#8211; 16\/03\/2016\n<\/li>\n<li>\n<a href=\"https:\/\/www.linkedin.com\/pulse\/which-tools-use-develop-webgis-fernando-quadro\"><strong><em>Which tools to use to develop a WebGIS?<\/em><\/strong><\/a><br \/>\nLinkedIn Pulse &#8211; 07\/03\/2016\n<\/li>\n<li>\n<a href=\"https:\/\/www.linkedin.com\/pulse\/you-know-ogc-standards-fernando-quadro\"><strong><em>You know the OGC standards?<\/em><\/strong><\/a><br \/>\nLinkedIn Pulse &#8211; 29\/02\/2016\n<\/li>\n<li>\n<a href=\"https:\/\/www.linkedin.com\/pulse\/when-worth-choosing-open-source-gis-fernando-quadro\"><strong><em>When it is worth choosing the Open Source GIS?<\/em><\/strong><\/a><br \/>\nLinkedIn Pulse &#8211; 22\/02\/2016\n<\/li>\n<li>\n<a href=\"https:\/\/www.linkedin.com\/pulse\/alternatives-arcgis-exist-fernando-quadro\"><strong><em>Alternatives to ArcGIS, they exist!<\/em><\/strong><\/a><br \/>\nLinkedIn Pulse &#8211; 19\/02\/2016\n<\/li>\n<li>\n<a href=\"http:\/\/bit.ly\/Q0oF5U\"><strong><em>Desenvolvimento SIG: Um mundo sendo descoberto<\/em><\/strong><\/a><br \/>\nRevista FOSSGIS Brasil &#8211; Edi\u00e7\u00e3o 06 &#8211; 11\/2012\n<\/li>\n<li>\n<a href=\"http:\/\/mundogeo.com\/blog\/2009\/10\/21\/gisvm\/\"><em><strong>GISVM &#8211; Virtualizando seu ambiente GIS<\/strong><\/em><\/a><br \/>\nRevista InfoGEO &#8211; Edi\u00e7\u00e3o 58 &#8211; 10\/2009\n<\/li>\n<li>\n<a href=\"http:\/\/mundogeo.com\/blog\/2009\/07\/09\/por-dentro-do-geoserver\/\"><em><strong>Por dentro do GeoServer<\/em><\/strong><\/a><br \/>\nRevista InfoGEO &#8211; Edi\u00e7\u00e3o 57 &#8211; 07\/2009\n<\/li>\n<li>\n<em><strong>Web Services para Divulga\u00e7\u00e3o de Dados Meteorol\u00f3gicos<\/strong><\/em><br \/>\nRevista H\u00edfen &#8211; Edi\u00e7\u00e3o 29 &#8211; 2005\n<\/li>\n<li>\n<em><strong>Sistematiza\u00e7\u00e3o de dados meteorol\u00f3gicos com uso de tecnologia open source<\/strong><\/em><br \/>\nCongresso Brasileiro de Oceanografia &#8211; 2005\n<\/li>\n<li>\n<em><strong>Desenvolvimento de um sistema de informa\u00e7\u00e3o baseado em tecnologias open source e webmapping para o projeto respons\u00e1vel na ba\u00eda de Tijucas.<\/strong><\/em><br \/>\nCongresso Brasileiro de Oceanografia &#8211; 2005\n<\/li>\n<\/ul>\n<p><u><strong>Cursos Ministrados<\/strong><\/u> (+1.000 h\/aula)<br \/>\n<img loading=\"lazy\" decoding=\"async\" src=\"http:\/\/www.fernandoquadro.com.br\/html\/wp-content\/uploads\/2009\/09\/1251944554_kpresenter.png\" alt=\"\" title=\"\" width=\"128\" height=\"128\" class=\"alignnone size-full wp-image-2866\" style=\"border: 0px solid rgb(0, 0, 0); float: right; margin-left: 5px; margin-bottom: 5px;\" \/><\/p>\n<ul>\n<li>\n<strong><em>Curso de GeoNode (Turma CNT)<\/em><\/strong><br \/>\nCurso online Ministrado pela GEOCURSOS \u2013 18h \u2013 2026\n<\/li>\n<li>\n<strong><em>Curso WebGIS (Turma II)<\/em><\/strong><br \/>\nCurso online Ministrado pela GEOCURSOS \u2013 30h \u2013 2025\n<\/li>\n<li>\n<strong><em>Curso WebGIS (Turma J.Assy)<\/em><\/strong><br \/>\nCurso online Ministrado pela GEOCURSOS \u2013 30h \u2013 2025\n<\/li>\n<li>\n<strong><em>Curso WebGIS (Turma I)<\/em><\/strong><br \/>\nCurso online Ministrado pela GEOCURSOS \u2013 30h \u2013 2025\n<\/li>\n<li>\n<strong><em>Curso de GeoNode (Turma III)<\/em><\/strong><br \/>\nCurso online Ministrado pela GEOCURSOS \u2013 18h \u2013 2025\n<\/li>\n<li>\n<strong><em>Curso de GeoNode (Turma HEX360\/POA)<\/em><\/strong><br \/>\nCurso online Ministrado pela GEOCURSOS \u2013 20h \u2013 2025\n<\/li>\n<li>\n<strong><em>Publica\u00e7\u00e3o de banco de dados espacial na Web (Turma XV MBA)<\/em><\/strong><br \/>\nCurso Ministrado pelo IPOG \u2013 36h \u2013 2025\n<\/li>\n<li>\n<strong><em>Curso de PostgreSQL e PostGIS<\/em><\/strong><br \/>\nCurso online Ministrado pela GEODOURO \u2013 21h \u2013 2025\n<\/li>\n<li>\n<strong><em>Curso de GeoServer Avan\u00e7ado<\/em><\/strong><br \/>\nCurso online Ministrado pela GEODOURO \u2013 14h \u2013 2025\n<\/li>\n<li>\n<strong><em>Curso DBA PostGIS do Zero (Turma I)<\/em><\/strong><br \/>\nCurso online Ministrado pela GEOCURSOS \u2013 36h \u2013 2024\n<\/li>\n<li>\n<strong><em>Introdu\u00e7\u00e3o ao GeoServer (Turma XXIV)<\/em><\/strong><br \/>\nCurso online Ministrado pela GEOCURSOS \u2013 18h \u2013 2023\n<\/li>\n<li>\n<strong><em>III Workshop: Banco de dados espacial e publica\u00e7\u00e3o de mapas na internet<\/em><\/strong><br \/>\nCurso online Ministrado pela Geocursos \u2013 8h \u2013 2023\n<\/li>\n<li>\n<strong><em>Publica\u00e7\u00e3o de banco de dados espacial na Web (Turma XI MBA)<\/em><\/strong><br \/>\nCurso Ministrado pelo IPOG \u2013 36h \u2013 2023\n<\/li>\n<li>\n<strong><em>II Workshop: Banco de dados espacial e publica\u00e7\u00e3o de mapas na internet<\/em><\/strong><br \/>\nCurso online Ministrado pela Geocursos \u2013 8h \u2013 2023\n<\/li>\n<li>\n<strong><em>Publica\u00e7\u00e3o de banco de dados espacial na Web (Turma IX MBA)<\/em><\/strong><br \/>\nCurso Ministrado pelo IPOG \u2013 36h \u2013 2023\n<\/li>\n<li>\n<strong><em>Workshop: Banco de dados espacial e publica\u00e7\u00e3o de mapas na internet<\/em><\/strong><br \/>\nCurso online Ministrado pela Geocursos \u2013 8h \u2013 2022\n<\/li>\n<li>\n<strong><em>Publica\u00e7\u00e3o de banco de dados espacial na Web (Turma VII MBA)<\/em><\/strong><br \/>\nCurso Ministrado pelo IPOG \u2013 36h \u2013 2022\n<\/li>\n<li>\n<strong><em>Introdu\u00e7\u00e3o ao GeoServer (Turma XXIII)<\/em><\/strong><br \/>\nCurso online Ministrado pela GEOCURSOS \u2013 15h \u2013 2022\n<\/li>\n<li>\n<strong><em>Curso de Geotools (Turma personalizada para o SERPRO)<\/em><\/strong><br \/>\nCurso online Ministrado pela GEOCURSOS \u2013 18h \u2013 2022\n<\/li>\n<li>\n<strong><em>Publica\u00e7\u00e3o de banco de dados espacial na Web (Turma V MBA)<\/em><\/strong><br \/>\nCurso Ministrado pelo IPOG \u2013 36h \u2013 2022\n<\/li>\n<li>\n<strong><em>Introdu\u00e7\u00e3o ao GeoServer (Turma XXII)<\/em><\/strong><br \/>\nCurso online Ministrado pela GEOCURSOS \u2013 15h \u2013 2021\n<\/li>\n<li>\n<strong><em>Publica\u00e7\u00e3o de banco de dados espacial na Web (Turma III MBA)<\/em><\/strong><br \/>\nCurso Ministrado pelo IPOG \u2013 36h \u2013 2021\n<\/li>\n<li>\n<strong><em>Publica\u00e7\u00e3o de banco de dados espacial na Web (Turma I MBA)<\/em><\/strong><br \/>\nCurso Ministrado pelo IPOG \u2013 36h \u2013 2021\n<\/li>\n<li>\n<strong><em>Introdu\u00e7\u00e3o ao GeoServer (Turma personalizada para Prefeitura de S\u00e3o Jos\u00e9 dos Campos)<\/em><\/strong><br \/>\nCurso online Ministrado pela GEOCURSOS \u2013 16h \u2013 2020\n<\/li>\n<li>\n<strong><em>PostGIS B\u00e1sico (Turma personalizada para Prefeitura de S\u00e3o Jos\u00e9 dos Campos)<\/em><\/strong><br \/>\nCurso online Ministrado pela GEOCURSOS \u2013 16h \u2013 2020\n<\/li>\n<li>\n<strong><em>Introdu\u00e7\u00e3o ao GeoServer (Turma XXI)<\/em><\/strong><br \/>\nCurso online Ministrado pela GEOCURSOS \u2013 15h \u2013 2020\n<\/li>\n<li>\n<strong><em>Introdu\u00e7\u00e3o ao GeoServer (Turma XX)<\/em><\/strong><br \/>\nCurso online Ministrado pela GEOCURSOS \u2013 15h \u2013 2020\n<\/li>\n<li>\n<strong><em>Introdu\u00e7\u00e3o ao GeoServer (Turma XIX)<\/em><\/strong><br \/>\nCurso online Ministrado pela GEOCURSOS \u2013 12h \u2013 2020\n<\/li>\n<li>\n<strong><em>Publica\u00e7\u00e3o de banco de dados espacial na Web (Turma MBA)<\/em><\/strong><br \/>\nCurso Ministrado pelo IPOG \u2013 24h \u2013 2020\n<\/li>\n<li>\n<strong><em>Introdu\u00e7\u00e3o ao GeoServer (Turma XVIII)<\/em><\/strong><br \/>\nCurso online Ministrado pela GEOCURSOS \u2013 12h \u2013 2019\n<\/li>\n<li>\n<strong><em>Introdu\u00e7\u00e3o ao GeoServer (Turma XVII)<\/em><\/strong><br \/>\nCurso online Ministrado pela GEOCURSOS \u2013 12h \u2013 2019\n<\/li>\n<li>\n<strong><em>Introdu\u00e7\u00e3o ao GeoServer (Turma XVI)<\/em><\/strong><br \/>\nCurso online Ministrado pela GEOCURSOS \u2013 12h \u2013 2019\n<\/li>\n<li>\n<strong><em>Introdu\u00e7\u00e3o ao GeoServer (Turma XV)<\/em><\/strong><br \/>\nCurso online Ministrado pela GEOCURSOS \u2013 12h \u2013 2019\n<\/li>\n<li>\n<strong><em>Banco de Dados Espacial (Turma MBA)<\/em><\/strong><br \/>\nCurso Ministrado pelo IPOG \u2013 24h \u2013 2019\n<\/li>\n<li>\n<strong><em>Introdu\u00e7\u00e3o ao PostgreSQL (Turma EAD)<\/em><\/strong><br \/>\nCurso online Ministrado pela GEOCURSOS \u2013 16h \u2013 2018\n<\/li>\n<li>\n<strong><em>Introdu\u00e7\u00e3o ao OpenLayers 4 (Turma EAD)<\/em><\/strong><br \/>\nCurso online Ministrado pela GEOCURSOS \u2013 15h \u2013 2018\n<\/li>\n<li>\n<strong><em>Introdu\u00e7\u00e3o ao GeoServer (Turma XIV)<\/em><\/strong><br \/>\nCurso online Ministrado pela GEOCURSOS \u2013 12h \u2013 2018\n<\/li>\n<li>\n<strong><em>Introdu\u00e7\u00e3o ao GeoServer (Turma XIII)<\/em><\/strong><br \/>\nCurso online Ministrado pela GEOCURSOS \u2013 12h \u2013 2018\n<\/li>\n<li>\n<strong><em>Introdu\u00e7\u00e3o ao GeoServer (Turma XII)<\/em><\/strong><br \/>\nCurso online Ministrado pela GEOCURSOS \u2013 12h \u2013 2017\n<\/li>\n<li>\n<strong><em>Introdu\u00e7\u00e3o ao GeoServer (Turma XI)<\/em><\/strong><br \/>\nCurso online Ministrado pela GEOCURSOS \u2013 12h \u2013 2017\n<\/li>\n<li>\n<strong><em>Introdu\u00e7\u00e3o ao GeoServer (Turma X)<\/em><\/strong><br \/>\nCurso online Ministrado pela GEOCURSOS \u2013 12h \u2013 2017\n<\/li>\n<li>\n<strong><em>Introdu\u00e7\u00e3o ao GeoServer (Turma IX)<\/em><\/strong><br \/>\nCurso online Ministrado pela GEOCURSOS \u2013 12h \u2013 2016\n<\/li>\n<li>\n<strong><em>Introdu\u00e7\u00e3o ao GeoServer (Turma VIII)<\/em><\/strong><br \/>\nCurso online Ministrado pela GEOCURSOS \u2013 12h \u2013 2016\n<\/li>\n<li>\n<strong><em>Introdu\u00e7\u00e3o ao GeoServer (Turma VII)<\/em><\/strong><br \/>\nCurso online Ministrado pela GEOCURSOS \u2013 12h \u2013 2015\n<\/li>\n<li>\n<strong><em>Introdu\u00e7\u00e3o a Geotecnologia, PostGIS e GeoServer<\/em><\/strong><br \/>\nMinistrado a Neoway Business Solutions \u2013 12h \u2013 2014\n<\/li>\n<li>\n<strong><em>Introdu\u00e7\u00e3o ao GeoServer <\/em><\/strong><br \/>\nMinistrado a Softplan\/Poligraph \u2013 12h \u2013 2014\n<\/li>\n<li>\n<strong><em>Introdu\u00e7\u00e3o ao GeoServer (Turma VI)<\/em><\/strong><br \/>\nCurso online Ministrado pela GEOCURSOS \u2013 12h \u2013 2014\n<\/li>\n<li>\n<strong><em>Introdu\u00e7\u00e3o ao GeoServer (Turma V)<\/em><\/strong><br \/>\nCurso online Ministrado pela GEOCURSOS \u2013 12h \u2013 2014\n<\/li>\n<li>\n<strong><em>Introdu\u00e7\u00e3o ao GeoServer (Turma IV)<\/em><\/strong><br \/>\nCurso online Ministrado pela GEOCURSOS \u2013 12h \u2013 2014\n<\/li>\n<li>\n<strong><em>Introdu\u00e7\u00e3o ao GeoServer (Turma III)<\/em><\/strong><br \/>\nCurso online Ministrado pela GEOCURSOS \u2013 12h \u2013 2013\n<\/li>\n<li>\n<strong><em>Introdu\u00e7\u00e3o ao GeoServer<\/em><\/strong><br \/>\nMinistrado a Celepar \u2013 12h \u2013 2013\n<\/li>\n<li>\n<strong><em>Introdu\u00e7\u00e3o ao GeoServer (Turma II)<\/em><\/strong><br \/>\nCurso online Ministrado pela GEOCURSOS \u2013 12h \u2013 2012\n<\/li>\n<li>\n<strong><em>Introdu\u00e7\u00e3o ao GeoServer (Turma I)<\/em><\/strong><br \/>\nCurso online Ministrado pela GEOCURSOS \u2013 12h \u2013 2012\n<\/li>\n<li>\n<em><strong>Introdu\u00e7\u00e3o ao PostGIS, GeoServer, GeoTools e OpenLayers<\/strong><\/em><br \/>\nMinistrado a Funda\u00e7\u00e3o Parque Tecnol\u00f3gico Itaipu (PTI) &#8211; 24h &#8211; 2010\n<\/li>\n<li>\n<em><strong>Introdu\u00e7\u00e3o ao GeoServer e OpenLayers<\/strong><\/em><br \/>\nMinistrado ao DEINFRA\/SC &#8211; 20h &#8211; 2009\n<\/li>\n<li>\n<em><strong>Introdu\u00e7\u00e3o aos Padr\u00f5es OGC e ao GeoServer<\/strong><\/em><br \/>\nMinistrado a Softplan\/Poligraph &#8211; 20h &#8211; 2008\n<\/li>\n<li>\n<em><strong>Mapserver, OGC e Web Services<\/strong><\/em><br \/>\nMinistrado no III ENUM &#8211; 8h &#8211; 2007\n<\/li>\n<li>\n<em><strong>Introdu\u00e7\u00e3o ao GeoServer<\/strong><\/em><br \/>\nMinistrado no III ENUM &#8211; 8h &#8211; 2007\n<\/li>\n<\/ul>\n<p><u><strong>Entrevistas<\/strong><\/u><\/p>\n<ul>\n<li>\n<strong><a href=\"http:\/\/andersonmedeiros.com\/entrevista-fernando-quadro-geocursos\/\" target=\"_blank\"><em>Blog do Anderson Medeiros<\/em><\/a><\/strong><br \/>\nMar\u00e7o\/2015\n<\/li>\n<li>\n<a href=\"https:\/\/www.fossgisbrasil.com.br\/arquivos\/Revista_FOSSGIS_Brasil_Ed_05_Abril_2012.pdf#page=47\" target=\"_blank\"><em><strong>Revista FOSSGIS Brasil<\/strong><\/em><\/a><br \/>\nMaio\/2012\n<\/li>\n<\/ul>\n<p><u><strong>Palestras Ministradas<\/strong><\/u><\/p>\n<ul>\n<li>\n<strong><em><a href=\"https:\/\/speakerdeck.com\/fernandoquadro\/usando-software-livre-para-interoperabilidade-de-dados-espaciais\" rel=\"noopener noreferrer\" target=\"_blank\">Usando software livre para interoperabilidade de dados geoespaciais<\/a><\/em><\/strong><br \/>\nI CONFLOSS &#8211; Confer\u00eancia de Free\/Libre e Open Source Software &#8211; 21\/Ago\/2020\n<\/li>\n<li>\n<strong><em><a href=\"https:\/\/speakerdeck.com\/fernandoquadro\/geotecnologias-muito-alem-do-google-maps\" rel=\"noopener noreferrer\" target=\"_blank\">Geotecnologias, muito al\u00e9m do Google Maps<\/a><\/em><\/strong><br \/>\nVII EATEC &#8211; Encontro Acad\u00eamico de Tecnologia do IESGF &#8211; 22\/Out\/2019\n<\/li>\n<li>\n<strong><em><a href=\"https:\/\/speakerdeck.com\/fernandoquadro\/big-data-aplicado-a-gestao-ambiental\" rel=\"noopener noreferrer\" target=\"_blank\">Big Data aplicado na Gest\u00e3o Ambiental<\/a><\/em><\/strong><br \/>\nCongresso Brasileiro de Geotecnologias para o Meio Ambiente (CBGEO) &#8211; 23\/Jul\/2018\n<\/li>\n<li>\n<strong><a href=\"http:\/\/pt.slideshare.net\/fernandoquadro\/sistema-de-informao-geogrfica-um-mundo-a-ser-desvendado\"><em>Sistema de Informa\u00e7\u00e3o Geogr\u00e1fica: um mundo a ser desvendado<\/em><\/a><\/strong><br \/>\nV Semana Acad\u00eamica de Tecnologia da AVANTIS, Balne\u00e1rio Camboriu, SC &#8211; 19\/Out\/2012\n<\/li>\n<li>\n<a href=\"http:\/\/www.slideshare.net\/fernandoquadro\/desenvolvendo-aplicaes-geogrficas-com-software-livre\/\"><em><strong>Desenvolvendo aplica\u00e7\u00f5es geogr\u00e1fica com Software Livre<\/strong><\/em><\/a><br \/>\n4o SOLISC, Florian\u00f3polis, SC &#8211; 27\/Nov\/2009\n<\/li>\n<\/ul>\n","protected":false},"excerpt":{"rendered":"<p>Este espa\u00e7o \u00e9 destinado para divulgar um pouco das minhas apresenta\u00e7\u00f5es, palestras e artigos publicados. Artigos Beware of generic open source software LinkedIn Pulse &#8211; 16\/03\/2016 Which tools to use to develop a WebGIS? LinkedIn Pulse &#8211; 07\/03\/2016 You know&#8230; <a class=\"more-link\" href=\"https:\/\/www.fernandoquadro.com.br\/html\/publicacoes\/\">Continue Reading &rarr;<\/a><\/p>\n","protected":false},"author":275,"featured_media":4901,"parent":0,"menu_order":6,"comment_status":"open","ping_status":"closed","template":"","meta":{"footnotes":""},"class_list":["post-2875","page","type-page","status-publish","has-post-thumbnail","hentry"],"_links":{"self":[{"href":"https:\/\/www.fernandoquadro.com.br\/html\/wp-json\/wp\/v2\/pages\/2875","targetHints":{"allow":["GET"]}}],"collection":[{"href":"https:\/\/www.fernandoquadro.com.br\/html\/wp-json\/wp\/v2\/pages"}],"about":[{"href":"https:\/\/www.fernandoquadro.com.br\/html\/wp-json\/wp\/v2\/types\/page"}],"author":[{"embeddable":true,"href":"https:\/\/www.fernandoquadro.com.br\/html\/wp-json\/wp\/v2\/users\/275"}],"replies":[{"embeddable":true,"href":"https:\/\/www.fernandoquadro.com.br\/html\/wp-json\/wp\/v2\/comments?post=2875"}],"version-history":[{"count":99,"href":"https:\/\/www.fernandoquadro.com.br\/html\/wp-json\/wp\/v2\/pages\/2875\/revisions"}],"predecessor-version":[{"id":10183,"href":"https:\/\/www.fernandoquadro.com.br\/html\/wp-json\/wp\/v2\/pages\/2875\/revisions\/10183"}],"wp:featuredmedia":[{"embeddable":true,"href":"https:\/\/www.fernandoquadro.com.br\/html\/wp-json\/wp\/v2\/media\/4901"}],"wp:attachment":[{"href":"https:\/\/www.fernandoquadro.com.br\/html\/wp-json\/wp\/v2\/media?parent=2875"}],"curies":[{"name":"wp","href":"https:\/\/api.w.org\/{rel}","templated":true}]}}