{"id":501,"date":"2008-04-25T19:05:13","date_gmt":"2008-04-25T22:05:13","guid":{"rendered":"http:\/\/www.fernandoquadro.com.br\/html\/?page_id=501"},"modified":"2026-04-22T17:50:48","modified_gmt":"2026-04-22T20:50:48","slug":"geoserver","status":"publish","type":"page","link":"https:\/\/www.fernandoquadro.com.br\/html\/open-source-gis\/geoserver\/","title":{"rendered":"GeoServer"},"content":{"rendered":"<p><a href=\"http:\/\/www.geoserver.org\/\" rel=\"noopener\" target=\"_blank\">GeoServer<\/a> \u00e9 o servidor de c\u00f3digo aberto l\u00edder para publicar dados geoespaciais em escala.\u00a0O GeoServer \u00e9 uma solu\u00e7\u00e3o robusta para gerenciamento e divulga\u00e7\u00e3o de dados geoespaciais,\u00a0ele suporta uma ampla gama de formatos de entrada, usados \u200b\u200bpara gerar\u00a0mapas impressionantes,\u00a0realizar an\u00e1lises\u00a0ou simplesmente disponibilizar esse conte\u00fado na web por meio de APIs conhecidas de acordo com os padr\u00f5es publicados pela\u00a0<strong>OGC\u00a0e\u00a0ISO TC 211<\/strong>,\u00a0bem como pelos padr\u00f5es da comunidade.\u00a0<\/p>\n<p>As organiza\u00e7\u00f5es usam\u00a0o GeoServer\u00a0para disponibilizar seus dados, desde dados pontuais (por exemplo, posi\u00e7\u00f5es mundiais de navios em tempo real) at\u00e9 enormes dados multidimensionais de observa\u00e7\u00e3o da Terra.\u00a0GeoServer\u00a0\u00e9 de c\u00f3digo aberto e est\u00e1 dispon\u00edvel gratuitamente;\u00a0\u00e9 um projeto oficial da <a href=\"https:\/\/www.osgeo.org\/\" rel=\"noopener\" target=\"_blank\">OSGEO<\/a>\u00a0que d\u00e1 aos usu\u00e1rios a tranquilidade de ter uma organiza\u00e7\u00e3o sem fins lucrativos por tr\u00e1s para garantir que ele estar\u00e1 aberto\u00a0para sempre.<\/p>\n<div id=\"attachment_9403\" style=\"width: 810px\" class=\"wp-caption aligncenter\"><img loading=\"lazy\" decoding=\"async\" aria-describedby=\"caption-attachment-9403\" src=\"https:\/\/www.fernandoquadro.com.br\/html\/wp-content\/uploads\/2023\/09\/GeoServer-NGA-2020-12-14.jpg\" alt=\"\" width=\"800\" height=\"450\" class=\"size-full wp-image-9403\" srcset=\"https:\/\/www.fernandoquadro.com.br\/html\/wp-content\/uploads\/2023\/09\/GeoServer-NGA-2020-12-14.jpg 800w, https:\/\/www.fernandoquadro.com.br\/html\/wp-content\/uploads\/2023\/09\/GeoServer-NGA-2020-12-14-300x169.jpg 300w, https:\/\/www.fernandoquadro.com.br\/html\/wp-content\/uploads\/2023\/09\/GeoServer-NGA-2020-12-14-768x432.jpg 768w, https:\/\/www.fernandoquadro.com.br\/html\/wp-content\/uploads\/2023\/09\/GeoServer-NGA-2020-12-14-600x338.jpg 600w\" sizes=\"auto, (max-width: 800px) 100vw, 800px\" \/><p id=\"caption-attachment-9403\" class=\"wp-caption-text\">Fontes de dados e formatos de sa\u00edda do GeoServer<\/p><\/div>\n<p>As <strong>fontes de dados<\/strong> suportadas pelo\u00a0GeoServer\u00a0incluem:  <\/p>\n<p>    \u2022 Shapefile<br \/>\n    \u2022 GeoPackage<br \/>\n    \u2022 Oracle Spatial<br \/>\n    \u2022 PostGIS<br \/>\n    \u2022 SQL Server<br \/>\n    \u2022 MongoDB<br \/>\n    \u2022 GeoTiff<br \/>\n    \u2022 JPEG200<br \/>\n    \u2022 NetCDF<br \/>\n    \u2022 ElasticSearch<br \/>\n    \u2022 SAP Hana<\/p>\n<p>Os <strong>protocolos e formatos de sa\u00edda<\/strong> suportados pelo\u00a0GeoServer\u00a0incluem: <\/p>\n<p>    \u2022 OGC Web Map Services (WMS)<br \/>\n    \u2022 OGC Web Feature Services (WFS)<br \/>\n    \u2022 OGC Web Coverage Services (WCS)<br \/>\n    \u2022 OGC Web Processing Services (WPS)<br \/>\n    \u2022 OGC Web Map Tile Services (WMTS)<br \/>\n    \u2022 Catalogue Service for the Web (CSW)<br \/>\n    \u2022 Tile Mapping Service (TMS)<br \/>\n    \u2022 OGC KML\/KMZ<br \/>\n    \u2022 OGC GML<br \/>\n    \u2022 Nova OGC REST API\u00a0<br \/>\n    \u2022 GeoJSON<br \/>\n    \u2022 GeoRSS<br \/>\n    \u2022 DDS\/BIL para mapeamento 3D<\/p>\n<p>Ele possui uma interface de usu\u00e1rio administrativa abrangente para que as tarefas de configura\u00e7\u00e3o possam ser executadas facilmente na web. <\/p>\n<div id=\"attachment_9406\" style=\"width: 1246px\" class=\"wp-caption aligncenter\"><img loading=\"lazy\" decoding=\"async\" aria-describedby=\"caption-attachment-9406\" src=\"https:\/\/www.fernandoquadro.com.br\/html\/wp-content\/uploads\/2023\/09\/geoserver1.png\" alt=\"\" width=\"1236\" height=\"1098\" class=\"size-full wp-image-9406\" srcset=\"https:\/\/www.fernandoquadro.com.br\/html\/wp-content\/uploads\/2023\/09\/geoserver1.png 1236w, https:\/\/www.fernandoquadro.com.br\/html\/wp-content\/uploads\/2023\/09\/geoserver1-300x267.png 300w, https:\/\/www.fernandoquadro.com.br\/html\/wp-content\/uploads\/2023\/09\/geoserver1-1024x910.png 1024w, https:\/\/www.fernandoquadro.com.br\/html\/wp-content\/uploads\/2023\/09\/geoserver1-768x682.png 768w, https:\/\/www.fernandoquadro.com.br\/html\/wp-content\/uploads\/2023\/09\/geoserver1-600x533.png 600w, https:\/\/www.fernandoquadro.com.br\/html\/wp-content\/uploads\/2023\/09\/geoserver1-945x839.png 945w\" sizes=\"auto, (max-width: 1236px) 100vw, 1236px\" \/><p id=\"caption-attachment-9406\" class=\"wp-caption-text\">Interface administrativa do GeoServer (Web)<\/p><\/div>\n<p>O GeoServer\u00a0pode ser usado para gerar\u00a0mapas impressionantes\u00a0aplicando estilos altamente sofisticados aos dados geoespaciais, tanto dados raster quanto vetoriais.\u00a0Os dados podem ser estilizados de acordo com a linguagem de estilo de sua escolha, como OGC\u00a0<a href=\"https:\/\/docs.geoserver.org\/stable\/en\/user\/styling\/sld\/index.html\" rel=\"noopener\" target=\"_blank\">SLD<\/a>,\u00a0<a href=\"https:\/\/docs.geoserver.org\/stable\/en\/user\/styling\/css\/index.html\" rel=\"noopener\" target=\"_blank\">GeoCSS\u00a0<\/a>e\u00a0<a href=\"https:\/\/docs.geoserver.org\/stable\/en\/user\/styling\/mbstyle\/index.html\" rel=\"noopener\" target=\"_blank\">Mapbox Styles<\/a>.\u00a0<\/p>\n<p>Ele oferece suporte ao formato de sa\u00edda\u00a0<strong>Vector Tiles<\/strong> por meio de um\u00a0plugin\u00a0gratuito e de c\u00f3digo aberto\u00a0para WMS e WMTS em v\u00e1rios formatos de sa\u00edda como\u00a0<strong>GeoJSON,\u00a0TopoJSON\u00a0e\u00a0MapBox Vector (MVT)<\/strong>.<\/p>\n<div id=\"attachment_9407\" style=\"width: 910px\" class=\"wp-caption aligncenter\"><img loading=\"lazy\" decoding=\"async\" aria-describedby=\"caption-attachment-9407\" src=\"https:\/\/www.fernandoquadro.com.br\/html\/wp-content\/uploads\/2023\/09\/Clipboard01-1.jpg\" alt=\"\" width=\"900\" height=\"444\" class=\"size-full wp-image-9407\" srcset=\"https:\/\/www.fernandoquadro.com.br\/html\/wp-content\/uploads\/2023\/09\/Clipboard01-1.jpg 900w, https:\/\/www.fernandoquadro.com.br\/html\/wp-content\/uploads\/2023\/09\/Clipboard01-1-300x148.jpg 300w, https:\/\/www.fernandoquadro.com.br\/html\/wp-content\/uploads\/2023\/09\/Clipboard01-1-768x379.jpg 768w, https:\/\/www.fernandoquadro.com.br\/html\/wp-content\/uploads\/2023\/09\/Clipboard01-1-600x296.jpg 600w\" sizes=\"auto, (max-width: 900px) 100vw, 900px\" \/><p id=\"caption-attachment-9407\" class=\"wp-caption-text\">GeoServer renderizando dados do OpenStreetMap<\/p><\/div>\n<p>O GeoServer\u00a0pode ser usado para armazenar, gerenciar, disseminar e analisar s\u00e9ries temporais para dados raster e vetoriais em escala.\u00a0Os dados de observa\u00e7\u00e3o da Terra podem ser ingeridos e depois visualizados e acessados \u200b\u200busando recursos avan\u00e7ados para gerenciamento de dimens\u00f5es como\u00a0<strong>TEMPO,\u00a0ELEVA\u00c7\u00c3O<\/strong>\u00a0e muito mais. <\/p>\n<div id=\"attachment_9409\" style=\"width: 1290px\" class=\"wp-caption aligncenter\"><img loading=\"lazy\" decoding=\"async\" aria-describedby=\"caption-attachment-9409\" src=\"https:\/\/www.fernandoquadro.com.br\/html\/wp-content\/uploads\/2023\/09\/lamma.png\" alt=\"\" width=\"1280\" height=\"593\" class=\"size-full wp-image-9409\" srcset=\"https:\/\/www.fernandoquadro.com.br\/html\/wp-content\/uploads\/2023\/09\/lamma.png 1280w, https:\/\/www.fernandoquadro.com.br\/html\/wp-content\/uploads\/2023\/09\/lamma-300x139.png 300w, https:\/\/www.fernandoquadro.com.br\/html\/wp-content\/uploads\/2023\/09\/lamma-1024x474.png 1024w, https:\/\/www.fernandoquadro.com.br\/html\/wp-content\/uploads\/2023\/09\/lamma-768x356.png 768w, https:\/\/www.fernandoquadro.com.br\/html\/wp-content\/uploads\/2023\/09\/lamma-600x278.png 600w, https:\/\/www.fernandoquadro.com.br\/html\/wp-content\/uploads\/2023\/09\/lamma-945x438.png 945w\" sizes=\"auto, (max-width: 1280px) 100vw, 1280px\" \/><p id=\"caption-attachment-9409\" class=\"wp-caption-text\">Disponibilzando dados meteorol\u00f3gicos com GeoServer<\/p><\/div>\n<div id=\"attachment_9413\" style=\"width: 1034px\" class=\"wp-caption aligncenter\"><img loading=\"lazy\" decoding=\"async\" aria-describedby=\"caption-attachment-9413\" src=\"https:\/\/www.fernandoquadro.com.br\/html\/wp-content\/uploads\/2023\/09\/eum.gif\" alt=\"\" width=\"1024\" height=\"575\" class=\"size-full wp-image-9413\" \/><p id=\"caption-attachment-9413\" class=\"wp-caption-text\">Anima\u00e7\u00e3o usando a dimens\u00e3o tempo com o GeoServer<\/p><\/div>\n<p>O GeoServer\u00a0pode ser usado para potencializar solu\u00e7\u00f5es avan\u00e7adas para <strong>cidades inteligentes, empresas de servi\u00e7os p\u00fablicos, IOT, agricultura de precis\u00e3o<\/strong> e muito mais, pois pode ir muito al\u00e9m dos recursos de mapeamento para fornecer recursos avan\u00e7ados de\u00a0<strong>consulta,\u00a0filtragem\u00a0e\u00a0an\u00e1lise<\/strong>, conforme mostrado abaixo.<\/p>\n<div id=\"attachment_9414\" style=\"width: 1290px\" class=\"wp-caption aligncenter\"><img loading=\"lazy\" decoding=\"async\" aria-describedby=\"caption-attachment-9414\" src=\"https:\/\/www.fernandoquadro.com.br\/html\/wp-content\/uploads\/2023\/09\/genova.gif\" alt=\"\" width=\"1280\" height=\"720\" class=\"size-full wp-image-9414\" \/><p id=\"caption-attachment-9414\" class=\"wp-caption-text\">Painel de monitoramento de energia da cidade de G\u00eanova<\/p><\/div>\n<p>O\u00a0<a href=\"https:\/\/docs.geoserver.org\/stable\/en\/user\/geowebcache\/index.html\" rel=\"noopener\" target=\"_blank\">GeoWebCache\u00a0<\/a>fornece servi\u00e7os de cache de mapas para o GeoServer.\u00a0A integra\u00e7\u00e3o entre as ferramentas permite um servi\u00e7o mais r\u00e1pido e escal\u00e1vel, j\u00e1 que o GeoWebCache faz chamadas diretas ao processo de renderiza\u00e7\u00e3o de imagem do GeoServer para acelerar a gera\u00e7\u00e3o dos blocos.\u00a0<\/p>\n<p>O GeoServer permite o truncamento autom\u00e1tico de blocos ao realizar transa\u00e7\u00f5es via OGC Web Feature Service (WFS) para modificar dados vetoriais.\u00a0Os blocos podem ser salvos em disco, em <strong>MBTiles, no AWS S3 ou no Azure Blobs<\/strong>.\u00a0Al\u00e9m disso, a interface de usu\u00e1rio\u00a0do GeoServer\u00a0suporta uma s\u00e9rie de op\u00e7\u00f5es de configura\u00e7\u00e3o adicionais para os Tile Services, bem como para as camadas, devido \u00e0 integra\u00e7\u00e3o do GeoWebCache, que facilita o controle do cache de blocos como parte das tarefas normais de administra\u00e7\u00e3o. <\/p>\n<div id=\"attachment_9415\" style=\"width: 1290px\" class=\"wp-caption aligncenter\"><img loading=\"lazy\" decoding=\"async\" aria-describedby=\"caption-attachment-9415\" src=\"https:\/\/www.fernandoquadro.com.br\/html\/wp-content\/uploads\/2023\/09\/gwc.png\" alt=\"\" width=\"1280\" height=\"939\" class=\"size-full wp-image-9415\" srcset=\"https:\/\/www.fernandoquadro.com.br\/html\/wp-content\/uploads\/2023\/09\/gwc.png 1280w, https:\/\/www.fernandoquadro.com.br\/html\/wp-content\/uploads\/2023\/09\/gwc-300x220.png 300w, https:\/\/www.fernandoquadro.com.br\/html\/wp-content\/uploads\/2023\/09\/gwc-1024x751.png 1024w, https:\/\/www.fernandoquadro.com.br\/html\/wp-content\/uploads\/2023\/09\/gwc-768x563.png 768w, https:\/\/www.fernandoquadro.com.br\/html\/wp-content\/uploads\/2023\/09\/gwc-600x440.png 600w, https:\/\/www.fernandoquadro.com.br\/html\/wp-content\/uploads\/2023\/09\/gwc-945x693.png 945w\" sizes=\"auto, (max-width: 1280px) 100vw, 1280px\" \/><p id=\"caption-attachment-9415\" class=\"wp-caption-text\">Tela de configura\u00e7\u00e3o do GeoWebCache no GeoServer<\/p><\/div>\n<p>GeoServer\u00a0fornece uma\u00a0<a href=\"https:\/\/docs.geoserver.org\/stable\/en\/user\/rest\/index.html\" rel=\"noopener\" target=\"_blank\">API REST<\/a>\u00a0para\u00a0<strong>configura\u00e7\u00e3o program\u00e1tica de dados e servi\u00e7os<\/strong>, o que o torna uma escolha natural para desempenhar um papel fundamental em grandes infraestruturas, onde pode ser integrado a dados existentes e fluxos de trabalho de gerenciamento de configura\u00e7\u00e3o.\u00a0Voc\u00ea poder usadar a Interface REST para:<\/p>\n<p>    \u2022 Armazenar dados em tempo real para observa\u00e7\u00e3o da Terra, modelos MetOcean, sensores e dados vetoriais<br \/>\n    \u2022 Armazenar e configurar dados de aplicativos de terceiros<br \/>\n    \u2022 Automatizar implanta\u00e7\u00f5es<\/p>\n<p>V\u00e1rias bibliotecas clientes foram constru\u00eddas ao longo dos anos para v\u00e1rias linguagens como\u00a0<a href=\"https:\/\/github.com\/GeoNode\/geoserver-restconfig\" rel=\"noopener\" target=\"_blank\">Python<\/a>,\u00a0<a href=\"https:\/\/github.com\/hishamkaram\/geoserver\" rel=\"noopener\" target=\"_blank\">Go<\/a>,\u00a0<a href=\"https:\/\/github.com\/eblondel\/geosapi\" rel=\"noopener\" target=\"_blank\">R<\/a>,\u00a0<a href=\"https:\/\/github.com\/nathanvda\/geoserver_client\" rel=\"noopener\" target=\"_blank\">Ruby<\/a>,\u00a0<a href=\"https:\/\/github.com\/meggsimum\/geoserver-node-client\" rel=\"noopener\" target=\"_blank\">NodeJS<\/a>\u00a0e\u00a0<a href=\"https:\/\/github.com\/gicait\/geoserver-rest\" rel=\"noopener\" target=\"_blank\">Python<\/a>\u00a0novamente.<\/p>\n<div id=\"attachment_9418\" style=\"width: 973px\" class=\"wp-caption aligncenter\"><img loading=\"lazy\" decoding=\"async\" aria-describedby=\"caption-attachment-9418\" src=\"https:\/\/www.fernandoquadro.com.br\/html\/wp-content\/uploads\/2023\/09\/rest_api.png\" alt=\"\" width=\"963\" height=\"550\" class=\"size-full wp-image-9418\" srcset=\"https:\/\/www.fernandoquadro.com.br\/html\/wp-content\/uploads\/2023\/09\/rest_api.png 963w, https:\/\/www.fernandoquadro.com.br\/html\/wp-content\/uploads\/2023\/09\/rest_api-300x171.png 300w, https:\/\/www.fernandoquadro.com.br\/html\/wp-content\/uploads\/2023\/09\/rest_api-768x439.png 768w, https:\/\/www.fernandoquadro.com.br\/html\/wp-content\/uploads\/2023\/09\/rest_api-600x343.png 600w, https:\/\/www.fernandoquadro.com.br\/html\/wp-content\/uploads\/2023\/09\/rest_api-945x540.png 945w\" sizes=\"auto, (max-width: 963px) 100vw, 963px\" \/><p id=\"caption-attachment-9418\" class=\"wp-caption-text\">Exemplo de funcionamento da API Rest<\/p><\/div>\n<p>GeoServer\u00a0\u00e9\u00a0<strong>compat\u00edvel com a Cloud (nuvem)<\/strong>,\u00a0pois \u00e9 conhecido por funcionar em escala em v\u00e1rios ambientes de nuvem como\u00a0<strong>AWS,\u00a0Azure,\u00a0Google Cloud, Digital Ocean<\/strong> e muito mais.\u00a0Existem clientes que fornecem dados da ordem de petabytes na nuvem diariamente usando o\u00a0GeoServer.\u00a0V\u00e1rias imagens\u00a0<strong>Docker\u00a0<\/strong>est\u00e3o dispon\u00edveis na web, bem como recursos para\u00a0<strong>Ansible,\u00a0Puppet,\u00a0Chef\u00a0e\u00a0Terraform<\/strong>.\u00a0Aqui\u00a0est\u00e1 o GitHub para as imagens Docker mantida pela <a href=\"https:\/\/github.com\/geosolutions-it\/docker-geoserver\" rel=\"noopener\" target=\"_blank\">GeoSolutions<\/a> e pela <a href=\"https:\/\/hub.docker.com\/r\/kartoza\/geoserver\" rel=\"noopener\" target=\"_blank\">Kartoza<\/a>.<\/p>\n<p>Ele fornece\u00a0<a href=\"https:\/\/docs.geoserver.org\/latest\/en\/user\/security\/index.html#security\" rel=\"noopener\" target=\"_blank\">seguran\u00e7a avan\u00e7ada<\/a>\u00a0por meio de autentica\u00e7\u00e3o e autoriza\u00e7\u00e3o conect\u00e1veis.\u00a0Ele fornece suporte para uma variedade de protocolos de autentica\u00e7\u00e3o e software de login \u00fanico, como\u00a0<a href=\"https:\/\/docs.geoserver.org\/latest\/en\/user\/extensions\/cas\/index.html\" rel=\"noopener\" target=\"_blank\">CAS<\/a>,\u00a0<a href=\"https:\/\/docs.geoserver.org\/latest\/en\/user\/community\/keycloak\/index.html\" rel=\"noopener\" target=\"_blank\">Keycloak<\/a>,\u00a0<a href=\"https:\/\/docs.geoserver.org\/latest\/en\/user\/community\/oauth2\/index.html\" rel=\"noopener\" target=\"_blank\">OAUTH2<\/a>,\u00a0<a href=\"https:\/\/docs.geoserver.org\/latest\/en\/user\/community\/saml\/index.html\" rel=\"noopener\" target=\"_blank\">SAML2<\/a>.\u00a0Ele fornece autoriza\u00e7\u00f5es avan\u00e7adas para camadas e servi\u00e7os.\u00a0Ele tamb\u00e9m pode ser integrado a um sistema de regras mais sofisticado chamado\u00a0<a href=\"https:\/\/docs.geoserver.org\/latest\/en\/user\/extensions\/geofence-server\/index.html\" rel=\"noopener\" target=\"_blank\">GeoFence<\/a>, por meio do qual permiss\u00f5es detalhadas podem ser administradas.\u00a0Por exemplo, configurar quais atributos de uma fonte de dados vetoriais podem ser acessados \u200b\u200be manipulados ou quais opera\u00e7\u00f5es de quais servi\u00e7os s\u00e3o acess\u00edveis e para quem.<\/p>\n<div id=\"attachment_9420\" style=\"width: 1290px\" class=\"wp-caption aligncenter\"><img loading=\"lazy\" decoding=\"async\" aria-describedby=\"caption-attachment-9420\" src=\"https:\/\/www.fernandoquadro.com.br\/html\/wp-content\/uploads\/2023\/09\/geofence.png\" alt=\"\" width=\"1280\" height=\"924\" class=\"size-full wp-image-9420\" srcset=\"https:\/\/www.fernandoquadro.com.br\/html\/wp-content\/uploads\/2023\/09\/geofence.png 1280w, https:\/\/www.fernandoquadro.com.br\/html\/wp-content\/uploads\/2023\/09\/geofence-300x217.png 300w, https:\/\/www.fernandoquadro.com.br\/html\/wp-content\/uploads\/2023\/09\/geofence-1024x739.png 1024w, https:\/\/www.fernandoquadro.com.br\/html\/wp-content\/uploads\/2023\/09\/geofence-768x554.png 768w, https:\/\/www.fernandoquadro.com.br\/html\/wp-content\/uploads\/2023\/09\/geofence-600x433.png 600w, https:\/\/www.fernandoquadro.com.br\/html\/wp-content\/uploads\/2023\/09\/geofence-945x682.png 945w\" sizes=\"auto, (max-width: 1280px) 100vw, 1280px\" \/><p id=\"caption-attachment-9420\" class=\"wp-caption-text\">Regras do GeoFence no GeoServer<\/p><\/div>\n<p>O GeoServer\u00a0\u00e9 usado diariamente por organiza\u00e7\u00f5es renomadas em todo o mundo para apoiar opera\u00e7\u00f5es de miss\u00e3o cr\u00edtica que atendem big data em escala de v\u00e1rios dom\u00ednios, como imagens a\u00e9reas, dados de observa\u00e7\u00e3o da Terra, resultados de modelos MetOcean, posi\u00e7\u00f5es de navios e observa\u00e7\u00f5es de sensores.\u00a0Aqui abaixo voc\u00ea encontra alguns deles:<\/p>\n<p>    \u2022 SERPRO (BR)<br \/>\n    \u2022 Celepar (BR)<br \/>\n    \u2022 PRODAM (BR)<br \/>\n    \u2022 PRODEMGE (BR)<br \/>\n    \u2022 CAGEPA (BR)<br \/>\n    \u2022 CAGECE (BR)<br \/>\n    \u2022 CIASC (BR)<br \/>\n    \u2022 FioCruz (BR)<br \/>\n    \u2022 EMBRAPA (BR)<br \/>\n    \u2022 MPRJ (BR)<br \/>\n    \u2022 MPPR (BR)<br \/>\n    \u2022 MPBA (BR)<br \/>\n    \u2022 DLR (Ge)<br \/>\n    \u2022 EUMETSAT (EU)<br \/>\n    \u2022 Digital Globe (EUA)<br \/>\n    \u2022 Halliburton (EUA\/Reino Unido)<br \/>\n    \u2022 Cidade de Nova York (EUA)<br \/>\n    \u2022 MassGIS (EUA)<br \/>\n    \u2022 Topcon (Jp\/It)<br \/>\n    \u2022 FarmersEdge (Can\/EUA)<br \/>\n    \u2022 \u00c1gua de San Jos\u00e9 (EUA)<br \/>\n    \u2022 PDF (EUA)<br \/>\n    \u2022 FNMOC (EUA)<br \/>\n    \u2022 NOOA (EUA)<br \/>\n    \u2022 Cidade de G\u00eanova (It)<br \/>\n    \u2022 Banco Mundial<br \/>\n    \u2022 UMA CAM<br \/>\n    \u2022 Um PMA<br \/>\n    \u2022 GRADE UNEGP<br \/>\n    \u2022 BEV (em)<br \/>\n    \u2022 IGN (Fr)<br \/>\n    \u2022 BRGM (Fr)<br \/>\n    \u2022 EMSA (EU)<br \/>\n    \u2022 Pesquisa Nacional de Terras (NLS) da Finl\u00e2ndia (Fi)<br \/>\n    \u2022 Ag\u00eancia Sueca de Gest\u00e3o Mar\u00edtima e da \u00c1gua (SWAM)<br \/>\n    \u2022 UNESCO<br \/>\n    \u2022 Instituto Finland\u00eas do Meio Ambiente (Fi)<br \/>\n    \u2022 Pesquisa Geol\u00f3gica de Nova Gales do Sul (Au)<br \/>\n    \u2022 GeoScience Austr\u00e1lia (Au)<br \/>\n    \u2022 Total (fr)<br \/>\n    \u2022 Norbit (No)<br \/>\n    \u2022 NPRA (No)<br \/>\n    \u2022 DWD (Ge)<br \/>\n    \u2022 Rennes Metr\u00f3pole (Fr)<\/p>\n<p>\nCaso queira se aprofundar mais no GeoServer, a <a href=\"https:\/\/geocursos.com.br\" rel=\"noopener\" target=\"_blank\">Geocursos<\/a> tem um curso  completo sobre essa ferramenta, <a href=\"https:\/\/geocursos.com.br\/ead-geoserver\" rel=\"noopener\" target=\"_blank\">clique aqui<\/a> pra saber mais.<\/p>\n<p>Se voc\u00ea estiver procurando literatura sobre o GeoServer, voc\u00ea pode dar uma olhada nas publica\u00e7\u00f5es abaixo (em ingl\u00eas):<\/p>\n<p><center><a href=\"http:\/\/www.fernandoquadro.com.br\/html\/2016\/01\/14\/livros-sobre-geoserver\/\" target=\"_blank\" rel=\"noopener noreferrer\"><br \/>\n<div id=\"attachment_4664\" style=\"width: 650px\" class=\"wp-caption aligncenter\"><img loading=\"lazy\" decoding=\"async\" aria-describedby=\"caption-attachment-4664\" src=\"https:\/\/www.fernandoquadro.com.br\/html\/wp-content\/uploads\/2016\/01\/GeoServerBooks.png\" alt=\"\" width=\"640\" height=\"278\" class=\"size-full wp-image-4664\" srcset=\"https:\/\/www.fernandoquadro.com.br\/html\/wp-content\/uploads\/2016\/01\/GeoServerBooks.png 640w, https:\/\/www.fernandoquadro.com.br\/html\/wp-content\/uploads\/2016\/01\/GeoServerBooks-300x130.png 300w, https:\/\/www.fernandoquadro.com.br\/html\/wp-content\/uploads\/2016\/01\/GeoServerBooks-624x271.png 624w\" sizes=\"auto, (max-width: 640px) 100vw, 640px\" \/><p id=\"caption-attachment-4664\" class=\"wp-caption-text\">Livros sobre GeoServer<\/p><\/div><br \/>\n<\/a><\/center><\/p>\n<p>Veja tamb\u00e9m esta apresenta\u00e7\u00e3o introdut\u00f3ria sobre o GeoServer (em portugu\u00eas):<\/p>\n<p><iframe loading=\"lazy\" src=\"\/\/www.slideshare.net\/slideshow\/embed_code\/key\/NTul0EVUaf9bkP\" width=\"595\" height=\"485\" frameborder=\"0\" marginwidth=\"0\" marginheight=\"0\" scrolling=\"no\" style=\"border:1px solid #CCC; border-width:1px; margin-bottom:5px; max-width: 100%;\" allowfullscreen=\"\"> <\/iframe><\/p>\n<div style=\"margin-bottom:5px\"> <strong> <a href=\"\/\/www.slideshare.net\/fernandoquadro\/introduo-ao-geoserver-20\" title=\"Introdu\u00e7\u00e3o ao GeoServer 2.0\" target=\"_blank\" rel=\"noopener noreferrer\">Introdu\u00e7\u00e3o ao GeoServer 2.0<\/a> <\/strong> from <strong><a href=\"\/\/www.slideshare.net\/fernandoquadro\" target=\"_blank\" rel=\"noopener noreferrer\">Fernando Quadro<\/a><\/strong><\/div>\n","protected":false},"excerpt":{"rendered":"<p>GeoServer \u00e9 o servidor de c\u00f3digo aberto l\u00edder para publicar dados geoespaciais em escala.\u00a0O GeoServer \u00e9 uma solu\u00e7\u00e3o robusta para gerenciamento e divulga\u00e7\u00e3o de dados geoespaciais,\u00a0ele suporta uma ampla gama de formatos de entrada, usados \u200b\u200bpara gerar\u00a0mapas impressionantes,\u00a0realizar an\u00e1lises\u00a0ou simplesmente&#8230; <a class=\"more-link\" href=\"https:\/\/www.fernandoquadro.com.br\/html\/open-source-gis\/geoserver\/\">Continue Reading &rarr;<\/a><\/p>\n","protected":false},"author":275,"featured_media":5344,"parent":10308,"menu_order":2,"comment_status":"open","ping_status":"closed","template":"","meta":{"footnotes":""},"class_list":["post-501","page","type-page","status-publish","has-post-thumbnail","hentry"],"_links":{"self":[{"href":"https:\/\/www.fernandoquadro.com.br\/html\/wp-json\/wp\/v2\/pages\/501","targetHints":{"allow":["GET"]}}],"collection":[{"href":"https:\/\/www.fernandoquadro.com.br\/html\/wp-json\/wp\/v2\/pages"}],"about":[{"href":"https:\/\/www.fernandoquadro.com.br\/html\/wp-json\/wp\/v2\/types\/page"}],"author":[{"embeddable":true,"href":"https:\/\/www.fernandoquadro.com.br\/html\/wp-json\/wp\/v2\/users\/275"}],"replies":[{"embeddable":true,"href":"https:\/\/www.fernandoquadro.com.br\/html\/wp-json\/wp\/v2\/comments?post=501"}],"version-history":[{"count":38,"href":"https:\/\/www.fernandoquadro.com.br\/html\/wp-json\/wp\/v2\/pages\/501\/revisions"}],"predecessor-version":[{"id":9433,"href":"https:\/\/www.fernandoquadro.com.br\/html\/wp-json\/wp\/v2\/pages\/501\/revisions\/9433"}],"up":[{"embeddable":true,"href":"https:\/\/www.fernandoquadro.com.br\/html\/wp-json\/wp\/v2\/pages\/10308"}],"wp:featuredmedia":[{"embeddable":true,"href":"https:\/\/www.fernandoquadro.com.br\/html\/wp-json\/wp\/v2\/media\/5344"}],"wp:attachment":[{"href":"https:\/\/www.fernandoquadro.com.br\/html\/wp-json\/wp\/v2\/media?parent=501"}],"curies":[{"name":"wp","href":"https:\/\/api.w.org\/{rel}","templated":true}]}}