{"id":8100,"date":"2019-04-04T15:30:17","date_gmt":"2019-04-04T18:30:17","guid":{"rendered":"http:\/\/www.fernandoquadro.com.br\/html\/?page_id=8100"},"modified":"2024-09-17T18:30:25","modified_gmt":"2024-09-17T21:30:25","slug":"leaflet","status":"publish","type":"page","link":"https:\/\/www.fernandoquadro.com.br\/html\/leaflet\/","title":{"rendered":"Leaflet"},"content":{"rendered":"<p>O <a href=\"http:\/\/leafletjs.com\" rel=\"noopener\" target=\"_blank\">Leaflet<\/a> \u00e9 uma biblioteca JavaScript (open source) usada para criar aplicativos de mapeamento na web. Lan\u00e7ado em 2011 por <a href=\"https:\/\/www.linkedin.com\/in\/agafonkin\/\" rel=\"noopener\" target=\"_blank\">Vladimir Agafonkin<\/a>, ela suporta a maioria das plataformas m\u00f3veis e de desktop, suportando HTML5 e CSS3.<\/p>\n<p>Junto com o <a href=\"http:\/\/www.fernandoquadro.com.br\/html\/openlayers\/\" rel=\"noopener\" target=\"_blank\">OpenLayers<\/a> e a API do Google Maps , \u00e9 uma das bibliotecas de mapeamento JavaScript mais populares e \u00e9 usada pelos principais sites da web, como o <a href=\"https:\/\/pt.foursquare.com\/\" rel=\"noopener\" target=\"_blank\">FourSquare<\/a>, o <a href=\"https:\/\/br.pinterest.com\/\" rel=\"noopener\" target=\"_blank\">Pinterest<\/a> e o <a href=\"https:\/\/www.flickr.com\/\" rel=\"noopener\" target=\"_blank\">Flickr<\/a>.<\/p>\n<p><center><img loading=\"lazy\" decoding=\"async\" src=\"http:\/\/www.fernandoquadro.com.br\/html\/wp-content\/uploads\/2019\/04\/leaflet_map.png\" alt=\"\" width=\"874\" height=\"314\" class=\"aligncenter size-full wp-image-8105\" srcset=\"https:\/\/www.fernandoquadro.com.br\/html\/wp-content\/uploads\/2019\/04\/leaflet_map.png 874w, https:\/\/www.fernandoquadro.com.br\/html\/wp-content\/uploads\/2019\/04\/leaflet_map-300x108.png 300w, https:\/\/www.fernandoquadro.com.br\/html\/wp-content\/uploads\/2019\/04\/leaflet_map-768x276.png 768w, https:\/\/www.fernandoquadro.com.br\/html\/wp-content\/uploads\/2019\/04\/leaflet_map-600x216.png 600w\" sizes=\"auto, (max-width: 874px) 100vw, 874px\" \/><\/center><\/p>\n<p>O Leaflet permite que os desenvolvedores sem um background em GIS exibam facilmente mapas na Web, com sobreposi\u00e7\u00f5es de camadas. Ele pode carregar dados de recursos de arquivos GeoJSON, estiliz\u00e1-los e criar camadas interativas, com marcadores com pop-ups.<\/p>\n<p>Se voc\u00ea est\u00e1 a procura de material sobre o Leaflet (v 1.4.0), veja os links a seguir:<\/p>\n<p> &#8211; <a href=\"http:\/\/www.fernandoquadro.com.br\/html\/2019\/02\/26\/introducao-ao-leaflet-parte-1\/\" rel=\"noopener\" target=\"_blank\">Introdu\u00e7\u00e3o ao Leaflet \u2013 Parte 1<\/a><br \/>\n &#8211; <a href=\"http:\/\/www.fernandoquadro.com.br\/html\/2019\/02\/27\/introducao-ao-leaflet-adicionando-marcador-parte-2\/\" rel=\"noopener\" target=\"_blank\">Introdu\u00e7\u00e3o ao Leaflet \u2013 Adicionando Marcador<\/a><br \/>\n &#8211; <a href=\"http:\/\/www.fernandoquadro.com.br\/html\/2019\/02\/28\/introducao-ao-leaflet-trilhas-parte-3\/\" rel=\"noopener\" target=\"_blank\">Introdu\u00e7\u00e3o ao Leaflet \u2013 Trilhas com GeoJSON<\/a><br \/>\n &#8211; <a href=\"http:\/\/www.fernandoquadro.com.br\/html\/2019\/03\/18\/introducao-ao-leaflet-basemaps-e-overlayers-parte-4\/\" rel=\"noopener\" target=\"_blank\">Introdu\u00e7\u00e3o ao Leaflet \u2013 Basemaps e Overlays<\/a><br \/>\n &#8211; <a href=\"http:\/\/www.fernandoquadro.com.br\/html\/2019\/03\/27\/introducao-ao-leaflet-trabalhando-com-features-parte-5\/\" rel=\"noopener\" target=\"_blank\">Introdu\u00e7\u00e3o ao Leaflet \u2013 Trabalhando com Features<\/a><br \/>\n &#8211; <a href=\"http:\/\/www.fernandoquadro.com.br\/html\/2019\/04\/01\/introducao-ao-leaflet-geopackage-parte-6\/\" rel=\"noopener\" target=\"_blank\">Introdu\u00e7\u00e3o ao Leaflet \u2013 Geopackage<\/a><br \/>\n &#8211; <a href=\"http:\/\/www.fernandoquadro.com.br\/html\/2019\/04\/02\/introducao-ao-leaflet-coordenadas-parte-7\/\" rel=\"noopener\" target=\"_blank\">Introdu\u00e7\u00e3o ao Leaflet \u2013 Coordenadas<\/a><br \/>\n &#8211; <a href=\"http:\/\/www.fernandoquadro.com.br\/html\/2019\/04\/04\/introducao-ao-leaflet-zoom-parte-8\/\" rel=\"noopener\" target=\"_blank\">Introdu\u00e7\u00e3o ao Leaflet \u2013 Zoom<\/a><br \/>\n &#8211; <a href=\"http:\/\/www.fernandoquadro.com.br\/html\/2019\/04\/08\/introducao-ao-leaflet-calculando-distancia-parte-9\/\" rel=\"noopener\" target=\"_blank\">Introdu\u00e7\u00e3o ao Leaflet \u2013 Calculando dist\u00e2ncia<\/a><br \/>\n &#8211; <a href=\"http:\/\/www.fernandoquadro.com.br\/html\/2019\/04\/09\/introducao-ao-leaflet-adicionando-link-parte-10\/\" rel=\"noopener\" target=\"_blank\">Introdu\u00e7\u00e3o ao Leaflet \u2013 Adicionando link<\/a><br \/>\n &#8211; <a href=\"http:\/\/www.fernandoquadro.com.br\/html\/2019\/04\/15\/introducao-ao-leaflet-plugins-parte-11\/\" rel=\"noopener\" target=\"_blank\">Introdu\u00e7\u00e3o ao Leaflet \u2013 Plugins<\/a><br \/>\n &#8211; <a href=\"http:\/\/www.fernandoquadro.com.br\/html\/2019\/04\/17\/introducao-ao-leaflet-qgis-parte-12\/\" rel=\"noopener\" target=\"_blank\">Introdu\u00e7\u00e3o ao Leaflet \u2013 QGIS<\/a><br \/>\n &#8211; <a href=\"http:\/\/www.fernandoquadro.com.br\/html\/2019\/04\/18\/introducao-ao-leaflet-estilos-parte-13\/\" rel=\"noopener\" target=\"_blank\">Introdu\u00e7\u00e3o ao Leaflet \u2013 Estilos<\/a><br \/>\n &#8211; <a href=\"http:\/\/www.fernandoquadro.com.br\/html\/2019\/04\/23\/introducao-ao-leaflet-sobreposicao-de-imagens-parte-14\/\" rel=\"noopener\" target=\"_blank\">Introdu\u00e7\u00e3o ao Leaflet \u2013 Sobreposi\u00e7\u00e3o de imagens<\/a><br \/>\n &#8211; <a href=\"http:\/\/www.fernandoquadro.com.br\/html\/2019\/04\/29\/criando-uma-timeline-com-o-leaflet\/\" rel=\"noopener\" target=\"_blank\">Criando uma timeline com o Leaflet<\/a><br \/>\n &#8211; <a href=\"http:\/\/www.fernandoquadro.com.br\/html\/2019\/04\/30\/criando-um-heatmap-com-o-leaflet\/\" rel=\"noopener\" target=\"_blank\">Criando um heatmap com o Leaflet<\/a><br \/>\n &#8211; <a href=\"http:\/\/www.fernandoquadro.com.br\/html\/2019\/05\/08\/representando-linhas-de-onibus-no-leaflet\/\" rel=\"noopener\" target=\"_blank\">Representando linhas de \u00f4nibus no Leaflet<\/a><br \/>\n &#8211; <a href=\"http:\/\/www.fernandoquadro.com.br\/html\/2019\/05\/16\/como-utilizar-o-cluster-marker-no-leaflet\/\" rel=\"noopener\" target=\"_blank\">Como utilizar o Cluster Marker no Leaflet<br \/>\n<\/a><\/p>\n","protected":false},"excerpt":{"rendered":"<p>O Leaflet \u00e9 uma biblioteca JavaScript (open source) usada para criar aplicativos de mapeamento na web. Lan\u00e7ado em 2011 por Vladimir Agafonkin, ela suporta a maioria das plataformas m\u00f3veis e de desktop, suportando HTML5 e CSS3. Junto com o OpenLayers&#8230; <a class=\"more-link\" href=\"https:\/\/www.fernandoquadro.com.br\/html\/leaflet\/\">Continue Reading &rarr;<\/a><\/p>\n","protected":false},"author":275,"featured_media":8103,"parent":0,"menu_order":3,"comment_status":"closed","ping_status":"closed","template":"","meta":{"footnotes":""},"class_list":["post-8100","page","type-page","status-publish","has-post-thumbnail","hentry"],"_links":{"self":[{"href":"https:\/\/www.fernandoquadro.com.br\/html\/wp-json\/wp\/v2\/pages\/8100","targetHints":{"allow":["GET"]}}],"collection":[{"href":"https:\/\/www.fernandoquadro.com.br\/html\/wp-json\/wp\/v2\/pages"}],"about":[{"href":"https:\/\/www.fernandoquadro.com.br\/html\/wp-json\/wp\/v2\/types\/page"}],"author":[{"embeddable":true,"href":"https:\/\/www.fernandoquadro.com.br\/html\/wp-json\/wp\/v2\/users\/275"}],"replies":[{"embeddable":true,"href":"https:\/\/www.fernandoquadro.com.br\/html\/wp-json\/wp\/v2\/comments?post=8100"}],"version-history":[{"count":17,"href":"https:\/\/www.fernandoquadro.com.br\/html\/wp-json\/wp\/v2\/pages\/8100\/revisions"}],"predecessor-version":[{"id":8289,"href":"https:\/\/www.fernandoquadro.com.br\/html\/wp-json\/wp\/v2\/pages\/8100\/revisions\/8289"}],"wp:featuredmedia":[{"embeddable":true,"href":"https:\/\/www.fernandoquadro.com.br\/html\/wp-json\/wp\/v2\/media\/8103"}],"wp:attachment":[{"href":"https:\/\/www.fernandoquadro.com.br\/html\/wp-json\/wp\/v2\/media?parent=8100"}],"curies":[{"name":"wp","href":"https:\/\/api.w.org\/{rel}","templated":true}]}}