{"id":9660,"date":"2024-09-17T18:24:24","date_gmt":"2024-09-17T21:24:24","guid":{"rendered":"https:\/\/www.fernandoquadro.com.br\/html\/?page_id=9660"},"modified":"2024-09-17T18:25:51","modified_gmt":"2024-09-17T21:25:51","slug":"geonode","status":"publish","type":"page","link":"https:\/\/www.fernandoquadro.com.br\/html\/geonode\/","title":{"rendered":"GeoNode"},"content":{"rendered":"<p><strong>1. O que \u00e9? <\/strong><\/p>\n<p><a href=\"https:\/\/geonode.org\/\" rel=\"noopener\" target=\"_blank\">GeoNode<\/a> \u00e9 um sistema de gerenciamento de conte\u00fado geoespacial, uma plataforma para gerenciamento e publica\u00e7\u00e3o de dados geoespaciais.<\/p>\n<p>Ferramentas de gerenciamento de dados incorporadas ao GeoNode permitem a cria\u00e7\u00e3o integrada de dados, metadados e visualiza\u00e7\u00e3o de mapas. Cada conjunto de dados no sistema pode ser compartilhado publicamente ou restrito para permitir acesso apenas a usu\u00e1rios espec\u00edficos. Recursos sociais como perfis de usu\u00e1rios e sistemas de coment\u00e1rios e classifica\u00e7\u00e3o permitem o desenvolvimento de comunidades em torno de cada plataforma para facilitar o uso, gerenciamento e controle de qualidade dos dados que a inst\u00e2ncia do GeoNode cont\u00e9m.<\/p>\n<p><img loading=\"lazy\" decoding=\"async\" src=\"https:\/\/www.fernandoquadro.com.br\/html\/wp-content\/uploads\/2024\/09\/hero_img.png\" alt=\"\" width=\"1607\" height=\"919\" class=\"aligncenter size-full wp-image-9661\" srcset=\"https:\/\/www.fernandoquadro.com.br\/html\/wp-content\/uploads\/2024\/09\/hero_img.png 1607w, https:\/\/www.fernandoquadro.com.br\/html\/wp-content\/uploads\/2024\/09\/hero_img-300x172.png 300w, https:\/\/www.fernandoquadro.com.br\/html\/wp-content\/uploads\/2024\/09\/hero_img-1024x586.png 1024w, https:\/\/www.fernandoquadro.com.br\/html\/wp-content\/uploads\/2024\/09\/hero_img-768x439.png 768w, https:\/\/www.fernandoquadro.com.br\/html\/wp-content\/uploads\/2024\/09\/hero_img-1536x878.png 1536w, https:\/\/www.fernandoquadro.com.br\/html\/wp-content\/uploads\/2024\/09\/hero_img-600x343.png 600w, https:\/\/www.fernandoquadro.com.br\/html\/wp-content\/uploads\/2024\/09\/hero_img-945x540.png 945w\" sizes=\"auto, (max-width: 1607px) 100vw, 1607px\" \/><\/p>\n<p>Ele tamb\u00e9m foi projetado para ser uma plataforma flex\u00edvel que os desenvolvedores de software podem estender, modificar ou integrar para atender aos requisitos em seus pr\u00f3prios aplicativos.<\/p>\n<p><strong>2. A Arquitetura<\/strong><\/p>\n<p>O GeoNode re\u00fane projetos de software de c\u00f3digo aberto maduros e est\u00e1veis \u200b\u200bsob uma interface consistente e f\u00e1cil de usar, permitindo que usu\u00e1rios n\u00e3o especializados compartilhem dados e criem mapas interativos.<\/p>\n<ul>\n<li><a href=\"https:\/\/postgis.net\/\" rel=\"noopener\" target=\"_blank\">PostGIS <\/a>como DBMS<\/li>\n<li><a href=\"https:\/\/geoserver.org\/\" rel=\"noopener\" target=\"_blank\">GeoServer <\/a>como servidor de mapas OGC<\/li>\n<li><a href=\"https:\/\/pycsw.org\/\" rel=\"noopener\" target=\"_blank\">pyCSW <\/a>como servi\u00e7o de cat\u00e1logo<\/li>\n<li><a href=\"https:\/\/docs.mapstore.geosolutionsgroup.com\/\" rel=\"noopener\" target=\"_blank\">MapStore <\/a>como WebGIS<\/li>\n<li><a href=\"https:\/\/www.djangoproject.com\/\" rel=\"noopener\" target=\"_blank\">Django <\/a>como portal e infraestrutura<\/li>\n<li><a href=\"https:\/\/docs.celeryq.dev\/\" rel=\"noopener\" target=\"_blank\">Celery <\/a>e <a href=\"https:\/\/www.rabbitmq.com\/\" rel=\"noopener\" target=\"_blank\">RabbitMQ <\/a>para o processamento ass\u00edncrono<\/li>\n<\/ul>\n<p><strong>3. Seguran\u00e7a<\/strong><\/p>\n<p>Aproveita a estrutura dispon\u00edvel no Django para oferecer uma seguran\u00e7a atrav\u00e9s de:<\/p>\n<ul>\n<li>Usu\u00e1rios<\/li>\n<li>Grupos<\/li>\n<li>Permiss\u00f5es<\/li>\n<\/ul>\n<p>Por padr\u00e3o todos seus dados s\u00e3o p\u00fablicos, por\u00e9m podem ser configurados como restritos ou mesclar entre dados restritos e p\u00fablicos.<\/p>\n<p>A partir do GeoFence, plugin de seguran\u00e7a do GeoServer \u00e9 poss\u00edvel granularizar o acesso da seguinte forma:<\/p>\n<ul>\n<li>Permitir restri\u00e7\u00f5es de seguran\u00e7a por regi\u00f5es (geolocaliza\u00e7\u00e3o)<\/li>\n<li>Permitir restri\u00e7\u00f5es por atributos<\/li>\n<\/ul>\n<div id=\"attachment_9669\" style=\"width: 1029px\" class=\"wp-caption aligncenter\"><img loading=\"lazy\" decoding=\"async\" aria-describedby=\"caption-attachment-9669\" src=\"https:\/\/www.fernandoquadro.com.br\/html\/wp-content\/uploads\/2024\/09\/geonode_geofence.png\" alt=\"\" width=\"1019\" height=\"565\" class=\"aligncenter size-full wp-image-9669\" srcset=\"https:\/\/www.fernandoquadro.com.br\/html\/wp-content\/uploads\/2024\/09\/geonode_geofence.png 1019w, https:\/\/www.fernandoquadro.com.br\/html\/wp-content\/uploads\/2024\/09\/geonode_geofence-300x166.png 300w, https:\/\/www.fernandoquadro.com.br\/html\/wp-content\/uploads\/2024\/09\/geonode_geofence-768x426.png 768w, https:\/\/www.fernandoquadro.com.br\/html\/wp-content\/uploads\/2024\/09\/geonode_geofence-600x333.png 600w, https:\/\/www.fernandoquadro.com.br\/html\/wp-content\/uploads\/2024\/09\/geonode_geofence-945x524.png 945w\" sizes=\"auto, (max-width: 1019px) 100vw, 1019px\" \/><p id=\"caption-attachment-9669\" class=\"wp-caption-text\">Tela de Restri\u00e7\u00e3o de Acesso<\/p><\/div>\n<p>E ainda suporta os principais protocolos de autentica\u00e7\u00e3o:<\/p>\n<ul>\n<li>Autentica\u00e7\u00e3o b\u00e1sica<\/li>\n<li>OAuth2\/OpenID<\/li>\n<li>Keycloak<\/li>\n<li>LDAP<\/li>\n<\/ul>\n<p><strong>4. Funcionalidades<\/strong><\/p>\n<p>O GeoNode permite importar conjunto de dados espaciais, documentos e arquivos de m\u00eddias, criar mapas tem\u00e1ticos, dashboards e geostories al\u00e9m de gerenciar seguran\u00e7a, permiss\u00f5es e compartilhamento para usu\u00e1rios ou grupos.<\/p>\n<p>Pela interface do mapa \u00e9 poss\u00edvel pesquisar e adicionar novos cat\u00e1logos de layers, ordenar e agrupar layers, adicionar widgets, utilizar ferramentas de medidas, criar anota\u00e7\u00f5es entre outras funcionalidades.<\/p>\n<div id=\"attachment_9670\" style=\"width: 959px\" class=\"wp-caption aligncenter\"><img loading=\"lazy\" decoding=\"async\" aria-describedby=\"caption-attachment-9670\" src=\"https:\/\/www.fernandoquadro.com.br\/html\/wp-content\/uploads\/2024\/09\/funcionalidade_mapa_geonode.png\" alt=\"\" width=\"949\" height=\"534\" class=\"aligncenter size-full wp-image-9670\" srcset=\"https:\/\/www.fernandoquadro.com.br\/html\/wp-content\/uploads\/2024\/09\/funcionalidade_mapa_geonode.png 949w, https:\/\/www.fernandoquadro.com.br\/html\/wp-content\/uploads\/2024\/09\/funcionalidade_mapa_geonode-300x169.png 300w, https:\/\/www.fernandoquadro.com.br\/html\/wp-content\/uploads\/2024\/09\/funcionalidade_mapa_geonode-768x432.png 768w, https:\/\/www.fernandoquadro.com.br\/html\/wp-content\/uploads\/2024\/09\/funcionalidade_mapa_geonode-600x338.png 600w, https:\/\/www.fernandoquadro.com.br\/html\/wp-content\/uploads\/2024\/09\/funcionalidade_mapa_geonode-945x532.png 945w\" sizes=\"auto, (max-width: 949px) 100vw, 949px\" \/><p id=\"caption-attachment-9670\" class=\"wp-caption-text\">Tela de Cria\u00e7\u00e3o de Mapa<\/p><\/div>\n<p>Ele possui tamb\u00e9m a capacidade de criar estilos\/simbologia para camadas vetoriais e raster, possbilitando que voc\u00ea predefina templates para seus estilos, tudo isso tanto pela interface gr\u00e1fica como atr\u00e1ves de estilos via c\u00f3digo (SLD, GeoCSS).<\/p>\n<p>Voc\u00ea ainda pode criar dadhboards dentro dele, pois fornece uma vis\u00e3o geral para visualizar melhor um contexto de dados espec\u00edfico, al\u00e9m de realizar a an\u00e1lise em dados\/camadas envolvidas.<\/p>\n<div id=\"attachment_9671\" style=\"width: 1152px\" class=\"wp-caption aligncenter\"><img loading=\"lazy\" decoding=\"async\" aria-describedby=\"caption-attachment-9671\" src=\"https:\/\/www.fernandoquadro.com.br\/html\/wp-content\/uploads\/2024\/09\/dashboard_geonode.png\" alt=\"\" width=\"1142\" height=\"435\" class=\"aligncenter size-full wp-image-9671\" srcset=\"https:\/\/www.fernandoquadro.com.br\/html\/wp-content\/uploads\/2024\/09\/dashboard_geonode.png 1142w, https:\/\/www.fernandoquadro.com.br\/html\/wp-content\/uploads\/2024\/09\/dashboard_geonode-300x114.png 300w, https:\/\/www.fernandoquadro.com.br\/html\/wp-content\/uploads\/2024\/09\/dashboard_geonode-1024x390.png 1024w, https:\/\/www.fernandoquadro.com.br\/html\/wp-content\/uploads\/2024\/09\/dashboard_geonode-768x293.png 768w, https:\/\/www.fernandoquadro.com.br\/html\/wp-content\/uploads\/2024\/09\/dashboard_geonode-600x229.png 600w, https:\/\/www.fernandoquadro.com.br\/html\/wp-content\/uploads\/2024\/09\/dashboard_geonode-945x360.png 945w\" sizes=\"auto, (max-width: 1142px) 100vw, 1142px\" \/><p id=\"caption-attachment-9671\" class=\"wp-caption-text\">Exemplo de Dashboard no GeoNode<\/p><\/div>\n<p>Permite voc\u00ea criar um GeoStory, que \u00e9 um tipo especial de conte\u00fado no GeoNode que permite voc\u00ea para criar um conte\u00fado do tipo narrativa composto por uma mistura de dados geoespaciais e conte\u00fados de tipo de m\u00eddia est\u00e1tica. <\/p>\n<p>Nele voc\u00ea pode compor os conte\u00fados colocando texto, imagens, v\u00eddeo, \u00e1udio, mapas e outros conte\u00fados est\u00e1ticos em uma p\u00e1gina din\u00e2mica o que resultar\u00e1 em uma hist\u00f3ria narrativa, se tornando uma forma alternativa a um mapa simples e simples de apresenta\u00e7\u00e3o de conte\u00fados. <\/p>\n<div id=\"attachment_9672\" style=\"width: 1169px\" class=\"wp-caption aligncenter\"><img loading=\"lazy\" decoding=\"async\" aria-describedby=\"caption-attachment-9672\" src=\"https:\/\/www.fernandoquadro.com.br\/html\/wp-content\/uploads\/2024\/09\/geostory_geonode.png\" alt=\"\" width=\"1159\" height=\"503\" class=\"aligncenter size-full wp-image-9672\" srcset=\"https:\/\/www.fernandoquadro.com.br\/html\/wp-content\/uploads\/2024\/09\/geostory_geonode.png 1159w, https:\/\/www.fernandoquadro.com.br\/html\/wp-content\/uploads\/2024\/09\/geostory_geonode-300x130.png 300w, https:\/\/www.fernandoquadro.com.br\/html\/wp-content\/uploads\/2024\/09\/geostory_geonode-1024x444.png 1024w, https:\/\/www.fernandoquadro.com.br\/html\/wp-content\/uploads\/2024\/09\/geostory_geonode-768x333.png 768w, https:\/\/www.fernandoquadro.com.br\/html\/wp-content\/uploads\/2024\/09\/geostory_geonode-600x260.png 600w, https:\/\/www.fernandoquadro.com.br\/html\/wp-content\/uploads\/2024\/09\/geostory_geonode-945x410.png 945w\" sizes=\"auto, (max-width: 1159px) 100vw, 1159px\" \/><p id=\"caption-attachment-9672\" class=\"wp-caption-text\">Exemplo de GeoStory no GeoNode<\/p><\/div>\n<p>Al\u00e9m disso tudo, possui gerenciamento de metadados, edi\u00e7\u00e3o e cria\u00e7\u00e3o de geometrias e f\u00e1cil edi\u00e7\u00e3o dos dados tabulares diretamente pela sua interface. <\/p>\n<p>E caso voc\u00ea prefira editar seus dados no QGIS, ele possui um integra\u00e7\u00e3o com o QGIS atrav\u00e9s de um plugin.<\/p>\n<div id=\"attachment_9677\" style=\"width: 991px\" class=\"wp-caption aligncenter\"><img loading=\"lazy\" decoding=\"async\" aria-describedby=\"caption-attachment-9677\" src=\"https:\/\/www.fernandoquadro.com.br\/html\/wp-content\/uploads\/2024\/09\/qgis_geonode.png\" alt=\"\" width=\"981\" height=\"475\" class=\"aligncenter size-full wp-image-9677\" srcset=\"https:\/\/www.fernandoquadro.com.br\/html\/wp-content\/uploads\/2024\/09\/qgis_geonode.png 981w, https:\/\/www.fernandoquadro.com.br\/html\/wp-content\/uploads\/2024\/09\/qgis_geonode-300x145.png 300w, https:\/\/www.fernandoquadro.com.br\/html\/wp-content\/uploads\/2024\/09\/qgis_geonode-768x372.png 768w, https:\/\/www.fernandoquadro.com.br\/html\/wp-content\/uploads\/2024\/09\/qgis_geonode-600x291.png 600w, https:\/\/www.fernandoquadro.com.br\/html\/wp-content\/uploads\/2024\/09\/qgis_geonode-945x458.png 945w\" sizes=\"auto, (max-width: 981px) 100vw, 981px\" \/><p id=\"caption-attachment-9677\" class=\"wp-caption-text\">Plugin do GeoNode no QGIS<\/p><\/div>\n<p>Caso queira se aprofundar mais no GeoNode, a <a href=\"https:\/\/geocursos.com.br\" rel=\"noopener\" target=\"_blank\">Geocursos <\/a>tem um curso completo sobre essa ferramenta, <a href=\"https:\/\/geocursos.com.br\/geonode\" rel=\"noopener\" target=\"_blank\">clique aqui<\/a> pra saber mais.<\/p>\n","protected":false},"excerpt":{"rendered":"<p>1. O que \u00e9? GeoNode \u00e9 um sistema de gerenciamento de conte\u00fado geoespacial, uma plataforma para gerenciamento e publica\u00e7\u00e3o de dados geoespaciais. Ferramentas de gerenciamento de dados incorporadas ao GeoNode permitem a cria\u00e7\u00e3o integrada de dados, metadados e visualiza\u00e7\u00e3o de&#8230; <a class=\"more-link\" href=\"https:\/\/www.fernandoquadro.com.br\/html\/geonode\/\">Continue Reading &rarr;<\/a><\/p>\n","protected":false},"author":275,"featured_media":9683,"parent":0,"menu_order":1,"comment_status":"closed","ping_status":"closed","template":"","meta":{"footnotes":""},"class_list":["post-9660","page","type-page","status-publish","has-post-thumbnail","hentry"],"_links":{"self":[{"href":"https:\/\/www.fernandoquadro.com.br\/html\/wp-json\/wp\/v2\/pages\/9660","targetHints":{"allow":["GET"]}}],"collection":[{"href":"https:\/\/www.fernandoquadro.com.br\/html\/wp-json\/wp\/v2\/pages"}],"about":[{"href":"https:\/\/www.fernandoquadro.com.br\/html\/wp-json\/wp\/v2\/types\/page"}],"author":[{"embeddable":true,"href":"https:\/\/www.fernandoquadro.com.br\/html\/wp-json\/wp\/v2\/users\/275"}],"replies":[{"embeddable":true,"href":"https:\/\/www.fernandoquadro.com.br\/html\/wp-json\/wp\/v2\/comments?post=9660"}],"version-history":[{"count":16,"href":"https:\/\/www.fernandoquadro.com.br\/html\/wp-json\/wp\/v2\/pages\/9660\/revisions"}],"predecessor-version":[{"id":9682,"href":"https:\/\/www.fernandoquadro.com.br\/html\/wp-json\/wp\/v2\/pages\/9660\/revisions\/9682"}],"wp:featuredmedia":[{"embeddable":true,"href":"https:\/\/www.fernandoquadro.com.br\/html\/wp-json\/wp\/v2\/media\/9683"}],"wp:attachment":[{"href":"https:\/\/www.fernandoquadro.com.br\/html\/wp-json\/wp\/v2\/media?parent=9660"}],"curies":[{"name":"wp","href":"https:\/\/api.w.org\/{rel}","templated":true}]}}